{"id":1225,"date":"2014-03-28T14:19:29","date_gmt":"2014-03-28T13:19:29","guid":{"rendered":"http:\/\/www.waldsemer-gasserassler.com\/?page_id=1225"},"modified":"2025-04-11T12:55:06","modified_gmt":"2025-04-11T10:55:06","slug":"teamleitung-2014","status":"publish","type":"page","link":"https:\/\/www.waldsemer-gasserassler.com\/?page_id=1225","title":{"rendered":"Teamleitung"},"content":{"rendered":"<p><span style=\"color: #000000;\">Die Teamleitung der Gasserassler besteht aus den beiden Vorsitzenden, dem musikalischen Leiter, den Satzf\u00fchrern und diversen Aufgaben- und &nbsp;Ressortleitern.<\/span><\/p>\n<p style=\"text-align: center;\"><span style=\"color: #000000;\"><strong>Die Teamleitung im Einzelnen<\/strong><\/span><\/p>\n<ul style=\"list-style-type: square;\">\n<li><span style=\"color: #000000;\">Gesamtleitung: Stefan Dromnitzki<\/span><\/li>\n<li><span style=\"color: #000000;\">Musikalische Leitung: Nico Hartmann, Mattias Erbach<\/span><\/li>\n<li><span style=\"color: #000000;\">Satzf\u00fchrer Trompeten: Stefan Dromnitzki<\/span><\/li>\n<li><span style=\"color: #000000;\">Satzf\u00fchrerin Saxophon: Nina Schotth\u00f6fer<\/span><\/li>\n<li><span style=\"color: #000000;\">Satzf\u00fchrer Posaune und Bass: Matthias Erbach<\/span><\/li>\n<li><span style=\"color: #000000;\">Satzf\u00fchrerin Animation und Schminkteam: Jutta Hartmann<\/span><\/li>\n<li><span style=\"color: #000000;\">Satzf\u00fchrer Schlagwerk: Max Ries und Mario Metternich<\/span><\/li>\n<li><span style=\"color: #000000;\">Special Management: Ulrike Kerscher-Ullrich, Peter Schlosser<\/span><\/li>\n<li><span style=\"color: #000000;\">Jugendvertretung: Anna-Lena Ludwig<\/span><\/li>\n<li><span style=\"color: #000000;\">Interne Veranstaltungen: Nina Schotth\u00f6fer, Anna-Lena Ludwig<\/span><\/li>\n<li><span style=\"color: #000000;\">Instandhaltung Proberaum: Janne Ullrich, Jan Wiemer, Lars Kramer<\/span><\/li>\n<li><span style=\"color: #000000;\">\u00d6ffentlichkeitsarbeit: Ralf Krug, Celine Br\u00fcnn + ihre Mitstreiter<\/span><\/li>\n<\/ul>\n","protected":false},"excerpt":{"rendered":"<p>Die Teamleitung der Gasserassler besteht aus den beiden Vorsitzenden, dem musikalischen Leiter, den Satzf\u00fchrern und diversen Aufgaben- und &nbsp;Ressortleitern. Die Teamleitung im Einzelnen Gesamtleitung: Stefan Dromnitzki Musikalische Leitung: Nico Hartmann, Mattias Erbach Satzf\u00fchrer Trompeten: Stefan Dromnitzki Satzf\u00fchrerin Saxophon: Nina Schotth\u00f6fer Satzf\u00fchrer Posaune und Bass: Matthias Erbach Satzf\u00fchrerin Animation und Schminkteam: Jutta Hartmann Satzf\u00fchrer Schlagwerk: Max [&hellip;]<\/p>\n","protected":false},"author":1,"featured_media":0,"parent":0,"menu_order":0,"comment_status":"closed","ping_status":"open","template":"","meta":{"ngg_post_thumbnail":0,"footnotes":""},"categories":[43],"tags":[],"class_list":["post-1225","page","type-page","status-publish","hentry","category-in-arbeit"],"_links":{"self":[{"href":"https:\/\/www.waldsemer-gasserassler.com\/index.php?rest_route=\/wp\/v2\/pages\/1225","targetHints":{"allow":["GET"]}}],"collection":[{"href":"https:\/\/www.waldsemer-gasserassler.com\/index.php?rest_route=\/wp\/v2\/pages"}],"about":[{"href":"https:\/\/www.waldsemer-gasserassler.com\/index.php?rest_route=\/wp\/v2\/types\/page"}],"author":[{"embeddable":true,"href":"https:\/\/www.waldsemer-gasserassler.com\/index.php?rest_route=\/wp\/v2\/users\/1"}],"replies":[{"embeddable":true,"href":"https:\/\/www.waldsemer-gasserassler.com\/index.php?rest_route=%2Fwp%2Fv2%2Fcomments&post=1225"}],"version-history":[{"count":46,"href":"https:\/\/www.waldsemer-gasserassler.com\/index.php?rest_route=\/wp\/v2\/pages\/1225\/revisions"}],"predecessor-version":[{"id":4199,"href":"https:\/\/www.waldsemer-gasserassler.com\/index.php?rest_route=\/wp\/v2\/pages\/1225\/revisions\/4199"}],"wp:attachment":[{"href":"https:\/\/www.waldsemer-gasserassler.com\/index.php?rest_route=%2Fwp%2Fv2%2Fmedia&parent=1225"}],"wp:term":[{"taxonomy":"category","embeddable":true,"href":"https:\/\/www.waldsemer-gasserassler.com\/index.php?rest_route=%2Fwp%2Fv2%2Fcategories&post=1225"},{"taxonomy":"post_tag","embeddable":true,"href":"https:\/\/www.waldsemer-gasserassler.com\/index.php?rest_route=%2Fwp%2Fv2%2Ftags&post=1225"}],"curies":[{"name":"wp","href":"https:\/\/api.w.org\/{rel}","templated":true}]}}