{"id":1273,"date":"2014-05-19T07:09:39","date_gmt":"2014-05-19T05:09:39","guid":{"rendered":"http:\/\/www.waldsemer-gasserassler.com\/?page_id=1273"},"modified":"2015-02-26T11:23:06","modified_gmt":"2015-02-26T10:23:06","slug":"schnuppertag-2014","status":"publish","type":"page","link":"https:\/\/www.waldsemer-gasserassler.com\/?page_id=1273","title":{"rendered":"Schnuppertag 2014"},"content":{"rendered":"<p><img loading=\"lazy\" decoding=\"async\" class=\"ngg-singlepic ngg-none alignright\" src=\"https:\/\/www.waldsemer-gasserassler.com\/wp-content\/gallery\/schnuppertag2014\/Flyer Schnuppertag.jpg\" alt=\"Flyer Schnuppertag\" width=\"207\" height=\"281\" \/><\/p>\n<p style=\"text-align: justify;\"><span style=\"color: #000000;\">Am <strong>17.05.2014<\/strong> \u00f6ffneten wir wieder von 10 &#8211; 12 Uhr unseren Proberaum in der Hermann-Gmeiner Schule in Waldsee. Anla\u00df war unser diesj\u00e4hriger <strong>Schnuppertag<\/strong>. P\u00fcnktlich um 10 Uhr konnten wir bereits die ersten Besucher bei uns begr\u00fc\u00dfen. Bei Kaffee und Kuchen konnten wir unseren G\u00e4sten einen Einblick in die Welt der Gasserassler gew\u00e4hren. Wir stellten unsere T\u00e4tigkeiten und Unternehmungen vor, insbesondere die Abl\u00e4ufe der Proben und was alles zur Mitgliedschaft bei uns notwendig ist wurde besprochen und erkl\u00e4rt.<\/span><\/p>\n<p style=\"text-align: justify;\"><span style=\"color: #000000;\">Ziel war es nat\u00fcrlich auch, das Interessierte sich an den verschiedenen\u00a0Instrumenten versuchen konnten. Auch davon wurde Gebrauch gemacht. So mancher &#8222;altgediente&#8220; Gasserassler f\u00fchlte sich dabei an seine\u00a0Anfangszeiten zur\u00fcckversetzt.<\/span><\/p>\n<p style=\"text-align: justify;\"><span style=\"color: #000000;\">Obwohl nun der Schnuppertag beendet ist, k\u00f6nnen nat\u00fcrlich trotzdem interessierte Musiker sich wegen einer Mitgliedschaft bei uns melden.<\/span><\/p>\n<p style=\"text-align: justify;\"><span style=\"color: #000000;\">ngg_shortcode_0_placeholder<\/span><\/p>\n<p style=\"text-align: justify;\"><span style=\"color: #000000;\">ngg_shortcode_1_placeholder<\/span><\/p>\n<p style=\"text-align: justify;\"><span style=\"color: #000000;\">ngg_shortcode_2_placeholder<\/span><\/p>\n<p style=\"text-align: justify;\"><span style=\"color: #000000;\">ngg_shortcode_3_placeholder<\/span><\/p>\n<p style=\"text-align: justify;\"><span style=\"color: #000000;\">ngg_shortcode_4_placeholder<\/span><\/p>\n","protected":false},"excerpt":{"rendered":"<p>Am 17.05.2014 \u00f6ffneten wir wieder von 10 &#8211; 12 Uhr unseren Proberaum in der Hermann-Gmeiner Schule in Waldsee. Anla\u00df war unser diesj\u00e4hriger Schnuppertag. P\u00fcnktlich um 10 Uhr konnten wir bereits die ersten Besucher bei uns begr\u00fc\u00dfen. Bei Kaffee und Kuchen konnten wir unseren G\u00e4sten einen Einblick in die Welt der Gasserassler gew\u00e4hren. Wir stellten unsere [&hellip;]<\/p>\n","protected":false},"author":1,"featured_media":0,"parent":0,"menu_order":0,"comment_status":"closed","ping_status":"open","template":"","meta":{"ngg_post_thumbnail":0,"footnotes":""},"categories":[],"tags":[],"class_list":["post-1273","page","type-page","status-publish","hentry"],"_links":{"self":[{"href":"https:\/\/www.waldsemer-gasserassler.com\/index.php?rest_route=\/wp\/v2\/pages\/1273","targetHints":{"allow":["GET"]}}],"collection":[{"href":"https:\/\/www.waldsemer-gasserassler.com\/index.php?rest_route=\/wp\/v2\/pages"}],"about":[{"href":"https:\/\/www.waldsemer-gasserassler.com\/index.php?rest_route=\/wp\/v2\/types\/page"}],"author":[{"embeddable":true,"href":"https:\/\/www.waldsemer-gasserassler.com\/index.php?rest_route=\/wp\/v2\/users\/1"}],"replies":[{"embeddable":true,"href":"https:\/\/www.waldsemer-gasserassler.com\/index.php?rest_route=%2Fwp%2Fv2%2Fcomments&post=1273"}],"version-history":[{"count":12,"href":"https:\/\/www.waldsemer-gasserassler.com\/index.php?rest_route=\/wp\/v2\/pages\/1273\/revisions"}],"predecessor-version":[{"id":1696,"href":"https:\/\/www.waldsemer-gasserassler.com\/index.php?rest_route=\/wp\/v2\/pages\/1273\/revisions\/1696"}],"wp:attachment":[{"href":"https:\/\/www.waldsemer-gasserassler.com\/index.php?rest_route=%2Fwp%2Fv2%2Fmedia&parent=1273"}],"wp:term":[{"taxonomy":"category","embeddable":true,"href":"https:\/\/www.waldsemer-gasserassler.com\/index.php?rest_route=%2Fwp%2Fv2%2Fcategories&post=1273"},{"taxonomy":"post_tag","embeddable":true,"href":"https:\/\/www.waldsemer-gasserassler.com\/index.php?rest_route=%2Fwp%2Fv2%2Ftags&post=1273"}],"curies":[{"name":"wp","href":"https:\/\/api.w.org\/{rel}","templated":true}]}}