{"id":1864,"date":"2015-04-13T06:55:10","date_gmt":"2015-04-13T04:55:10","guid":{"rendered":"http:\/\/www.waldsemer-gasserassler.com\/?page_id=1864"},"modified":"2015-06-29T14:32:41","modified_gmt":"2015-06-29T12:32:41","slug":"rheinland-pfalz-tag-2015","status":"publish","type":"page","link":"https:\/\/www.waldsemer-gasserassler.com\/?page_id=1864","title":{"rendered":"Rheinland-Pfalz-Tag 2015"},"content":{"rendered":"ngg_shortcode_0_placeholder\n<p style=\"text-align: justify;\"><span style=\"color: #000000;\">Am Sonntag, dem 28. Juni 2015 nahmen wir am gro\u00dfen Festumzug anl\u00e4sslich des 32. Rheinland-Pfalz Tages in Ramstein- Miesenbach teil. Zu ungewohnter fr\u00fchen Stunde versammelten wir uns in unserem Proberaum, galt es doch alle Gasserassler &#8211; wie bei den fasnachtlichen Veranstaltungen \u2013 zu schminken. Nachdem dann unser Bus bei uns vorfuhr, wurde dieser mit allem Beladen, was wir so den Tag \u00fcber brauchen w\u00fcrden. Neben unseren Instrumenten mu\u00dften wir nat\u00fcrlich auch an unser leibliches Wohl denken. Allerhand Getr\u00e4nke und Essensvorr\u00e4te wurden in den Bus geschafft. Dann ging die Fahrt nach Ramstein-Miesenbach los. Schon nach wenigen Kilometern wurden im Bus die mitgebrachten H\u00e4ppchen von Sitzreihe zu Sitzreihe durchgereicht, um unser versp\u00e4tetes Fr\u00fchst\u00fcck (oder war es schon ein fr\u00fches Mittagessen?) einzunehmen. Gut gest\u00e4rkt und bester Stimmung kamen wir dann p\u00fcnktlich in Ramstein-Miesenbach an. Direkt an unserem Startplatz konnten wir den Bus verlassen und uns spielfertig machen. Will hei\u00dfen: Instrumente zusammenbauen und den Bollerwagen mit Marschverpflegung best\u00fccken.<\/span><\/p>\n<p style=\"text-align: justify;\"><span style=\"color: #000000;\">Der Festzug startete p\u00fcnktlich um 13:00 Uhr. Bis wir aber auf unserem Startplatz 94 etwas davon mitbekamen, verging noch gut eine Stunde. Aber was lange w\u00e4hrt wird endlich gut. Nach dem Erreichen der eigentlichen Zugstrecke konnten wir nun unsere Musikst\u00fccke in gewohnter Manier zum Besten geben. Nach gut der H\u00e4lfte des Zugweges erreichten wir die Ehrentrib\u00fcne. Hier konnten wir unserer Ministerpr\u00e4sidentin und unserem Landrat ein Gastgeschenk \u00fcberreichen. Nach dem Bereich der Ehrentrib\u00fcne verlief der Zug etwas z\u00fcgiger, so da\u00df wir schon bald das Ende der Zugstrecke erreichten. Wir versammelten uns dann alle um den eiligst herbeigerufenen Bus um uns nun ausgiebig an unserem Proviant zu st\u00e4rken. Das sch\u00f6ne Wetter und die stetig scheinende Sonne haben ihren Tribut gezollt. Gut gelaunt und in bester Stimmung konnten wir dann unsere R\u00fcckfahrt antreten.<\/span><\/p>\n<p style=\"text-align: justify;\"><span style=\"color: #000000;\">Wir m\u00f6chten uns bei all denen bedanken, die es uns erm\u00f6glicht haben, das wir am Rheinland-Pfalz-Tag 2015 unseren Rhein-Pfalz-Kreis und unser Waldsee vertreten durften. Insbesondere gilt unser Dank der Kreisverwaltung die dies erst m\u00f6glich machte und unseren Damen vom Versorgungsteam, die wacker den Getr\u00e4nkewagen gezogen haben und uns immer mit frischen Getr\u00e4nken versorgten.<\/span><\/p>\n<p style=\"text-align: justify;\"><span style=\"color: #000000;\">Dieser Tag wir uns noch lange in Erinnerung bleiben.<\/span><\/p>\n<p style=\"text-align: justify;\"><span style=\"color: #000000;\">Den kompletten Umzug aus der SWR Mediathek gibt es hier:<\/span><\/p>\n<p style=\"text-align: justify;\"><span style=\"color: #0000ff;\"><strong><a style=\"color: #0000ff;\" href=\"http:\/\/swrmediathek.de\/player.htm?show=00851110-1dcd-11e5-b253-0026b975f2e6\" target=\"_blank\">Rheinland-Pfalz-Tag 2015 &#8211; Festumzug<\/a><\/strong><\/span><\/p>\n<p style=\"text-align: justify;\"><span style=\"color: #000000;\">Wir sind ab 2:23:40 zu sehen<\/span><\/p>\n<hr \/>\n<p style=\"text-align: justify;\"><span style=\"color: #ff0000;\"><strong>Hier der Plan mit der \u00dcbersicht der Veranstaltungsorte, der B\u00fchnen und des Zugwegs. (Quelle: Informationsportal im Internet des Veranstalters und der Landesregierung)<\/strong><\/span><\/p>\n<ul>\n<li style=\"text-align: justify;\"><span style=\"color: #0000ff;\"><a style=\"color: #0000ff;\" title=\"RLP Tag 2015\" href=\"http:\/\/www.ramstein-2015.de\/\" target=\"_blank\"><strong>Internetseite vom Veranstalter<\/strong><\/a><\/span><\/li>\n<li style=\"text-align: justify;\"><span style=\"color: #0000ff;\"><a style=\"color: #0000ff;\" title=\"RLP Tag 2015\" href=\"http:\/\/rlp-tag.stk.rlp.de\/\" target=\"_blank\"><strong>Internetseite des Landes RLP<\/strong><\/a><\/span><\/li>\n<\/ul>\n<p style=\"text-align: justify;\">ngg_shortcode_1_placeholder<\/p>\n<ol>\n<li><span style=\"color: #000000;\"><strong>SWR-B\u00fchne<\/strong><\/span><br \/>\n<span style=\"color: #000000;\">Prometheusplatz<\/span><\/li>\n<li><span style=\"color: #000000;\"><strong>RPR1. bigFM Open-Air B\u00fchne<\/strong><\/span><br \/>\n<span style=\"color: #000000;\">Netto-Parkplatz<\/span><\/li>\n<li><span style=\"color: #000000;\"><strong>Treffpunkt Rheinland-Pfalz<\/strong><\/span><br \/>\n<span style=\"color: #000000;\">B\u00fchne: John-F.-Kennedy-Platz<\/span><\/li>\n<li><span style=\"color: #000000;\"><strong>B\u00fchne Landesverband der Musikschulen<\/strong><\/span><br \/>\n<span style=\"color: #000000;\">Busbahnhof<\/span><\/li>\n<li><span style=\"color: #000000;\"><strong>Seniorenmeile<\/strong><\/span><br \/>\n<span style=\"color: #000000;\">Parkplatz Kreuzwegapotheke<\/span><\/li>\n<li><span style=\"color: #000000;\"><strong>Forum Frieden-Umwelt-Integration<\/strong><\/span><br \/>\n<span style=\"color: #000000;\">Steinwendener Stra\u00dfe<\/span><\/li>\n<li><span style=\"color: #000000;\"><strong>High-Tech-Center-Ramstein<\/strong><\/span><br \/>\n<span style=\"color: #000000;\">Rathausring<\/span><\/li>\n<li><span style=\"color: #000000;\"><strong>Aktionsfl\u00e4che und B\u00fchne von<\/strong><\/span><br \/>\n<span style=\"color: #000000;\"><strong>Feuerwehr, Polizei, THW, Bundespolizei und Zoll<\/strong><\/span><br \/>\n<span style=\"color: #000000;\">EDEKA vordere Parkfl\u00e4che<\/span><\/li>\n<li><span style=\"color: #000000;\"><strong>Kirchenpr\u00e4sentationen<\/strong><\/span><br \/>\n<span style=\"color: #000000;\">a) Kath. Kirche St. Nikolaus<\/span><br \/>\n<span style=\"color: #000000;\">b) Hof ehemalige Nikolausschule<\/span><\/li>\n<li><span style=\"color: #000000;\"><strong>Selbsthilfemeile<\/strong><\/span><br \/>\n<span style=\"color: #000000;\">Mitarbeiterparkplatz Rathaus<\/span><\/li>\n<li><span style=\"color: #000000;\"><strong>Weindorf<\/strong><\/span><br \/>\n<span style=\"color: #000000;\">Marktplatz<\/span><\/li>\n<li><span style=\"color: #000000;\"><strong>K\u00fcnstler-Symposium<\/strong><\/span><br \/>\n<span style=\"color: #000000;\">Schulh\u00fcgel<\/span><\/li>\n<li><span style=\"color: #000000;\"><strong>Aktionsfl\u00e4che der Rettungsdienste<\/strong><\/span><br \/>\n<span style=\"color: #000000;\">Schernauer Stra\u00dfe<\/span><\/li>\n<li><span style=\"color: #000000;\"><strong>bigFM After-Show-Party<\/strong><\/span><br \/>\n<span style=\"color: #000000;\">Reichswald Sporthalle<\/span><\/li>\n<li><span style=\"color: #000000;\"><strong>Westpfalz-Arena<\/strong><\/span><br \/>\n<span style=\"color: #000000;\">Reichswaldstadion<\/span><\/li>\n<li><span style=\"color: #000000;\"><strong>Platz der Streitkr\u00e4fte<\/strong><\/span><br \/>\n<span style=\"color: #000000;\">Reichswaldstadion, Hartplatz<\/span><\/li>\n<li><span style=\"color: #000000;\"><strong>Aktionsfl\u00e4che Sport, Spiel und Freizeit<\/strong><\/span><br \/>\n<span style=\"color: #000000;\">Reichswaldstadion, Rasenfeld\u00a0<\/span><\/li>\n<\/ol>\n<ul>\n<li><span style=\"color: #000000;\">Punkte rot: Markt der St\u00e4dte und Landkreise<\/span><\/li>\n<li><span style=\"color: #000000;\">Punkte gr\u00fcn: Bauern-, \u00d6ko-, Handwerkermarkt<\/span><\/li>\n<li><span style=\"color: #000000;\">Punkte blau: Energiemeile<\/span><\/li>\n<\/ul>\n<hr \/>\n<p><span style=\"color: #000000;\"><b>Festzugreihenfolge 2015<\/b> (Stand 10.06.2015)<\/span><\/p>\n<ol>\n<li><span style=\"color: #000000;\">Stadt Neuwied, Stadt der M\u00e4rkte\u00a0<\/span><\/li>\n<li><span style=\"color: #000000;\">Landkreis Neuwied, TV Fernthal<\/span><\/li>\n<li><span style=\"color: #000000;\">Ramstein, Fanfarenzug Bann<\/span><\/li>\n<li><span style=\"color: #000000;\">Ramstein, Motivwagen (KV Bruchkatze und UV Miesenbacher Viell\u00e4ppcher)\u00a0<\/span><\/li>\n<li><span style=\"color: #000000;\">Ramstein, Garden &#8222;Bruchkatze Ramstein&#8220; und &#8222;Miesenbacher Viell\u00e4ppcher&#8220;<\/span><\/li>\n<li><span style=\"color: #000000;\">Ramstein, USAFE AIR FORCE BAND in EUROPE<\/span><\/li>\n<li><span style=\"color: #000000;\">Ramstein, Docu Center und Deutsch Amerikanischer Frauenclub<\/span><\/li>\n<li><span style=\"color: #000000;\">&#8212;<\/span><\/li>\n<li><span style=\"color: #000000;\">Stadt Andernach, Historisches Andernach\u00a0<\/span><\/li>\n<li><span style=\"color: #000000;\">Stadt Andernach, Blaue Funken Andernach<\/span><\/li>\n<li><span style=\"color: #000000;\">Stadt Bingen am Rhein, Prinzess Schw\u00e4tzerchen und Ihre 2 Prinzessinen<\/span><\/li>\n<li><span style=\"color: #000000;\">4er Netzwerk, Oder Blas Band<\/span><\/li>\n<li><span style=\"color: #000000;\">Landkreis Bad D\u00fcrkheim, Has\u00dflocher Radborzler<\/span><\/li>\n<li><span style=\"color: #000000;\">Landkreis Bad D\u00fcrkheim, Sky Scream\u00a0<\/span><\/li>\n<li><span style=\"color: #000000;\">Bad Kreuznach, Blasorchester Rehborn<\/span><\/li>\n<li><span style=\"color: #000000;\">Bad Kreuznach, Salinental Bad Kreuznach\u00a0<\/span><\/li>\n<li><span style=\"color: #000000;\">Bad Kreuznach, Stadtjubil\u00e4um Meisenheim 2015, Veldenztag 2015<\/span><\/li>\n<li><span style=\"color: #000000;\">Bezirksverband Pfalz, Vielfalt f\u00fcr die Pfalz<\/span><\/li>\n<li><span style=\"color: #000000;\">Bezirksverband Pfalz, Heartliner e.V. Ludwigshafen<\/span><\/li>\n<li><span style=\"color: #000000;\">Hans Herbrand, Friedensradler<\/span><\/li>\n<li><span style=\"color: #000000;\">Sozialverband VdK, Wir sind an Ihrer Seite<\/span><\/li>\n<li><span style=\"color: #000000;\">Eifelkreis Bitburg-Pr\u00fcm, Musikverein 1980 Ammeldingen e.V.<\/span><\/li>\n<li><span style=\"color: #000000;\">Eifelkreis Bitburg-Pr\u00fcm, Stadtgarde Neuerburg e.V.<\/span><\/li>\n<li><span style=\"color: #000000;\">Stadt Trier, Nero &#8211;\u00a0 Kaiser, K\u00fcnstler und Tyrann<\/span><\/li>\n<li><span style=\"color: #000000;\">Stadt Trier, Nero &#8211;\u00a0 Kaiser, K\u00fcnstler und Tyrann<\/span><\/li>\n<li><span style=\"color: #000000;\">Kreis Trier-Saarburg, Kulturgruppe Schillingen &#8211; Leben und Arbeiten auf dem Lande wie es fr\u00fcher einmal war<\/span><br \/>\n<span style=\"color: #000000;\">U.S. Army Garrison Rheinland-Pfalz, Ceremonial Band der U.S. Army Europe Band &amp; Chorus<\/span><\/li>\n<li><span style=\"color: #000000;\">Stadt Idar-Oberstein, Die Sage der Felsenkirche zu Oberstein im Mittelalter<\/span><\/li>\n<li><span style=\"color: #000000;\">Landkreis Birkenfeld, Deutsche Edelsteink\u00f6nigin<\/span><\/li>\n<li><span style=\"color: #000000;\">Landkreis Birkenfeld, Nationalpark Hunsr\u00fcck-Hochwald<\/span><\/li>\n<li><span style=\"color: #000000;\">Stadt Kaiserslautern, Karnevalverein\u00a0 1838 e.V. Kaiserslautern &#8211; Komiteewagen<\/span><\/li>\n<li><span style=\"color: #000000;\">Landkreis Kaiserslautern, Tanzgarden des Karnevalvereins 1838 e.V. Kaiserslautern<\/span><\/li>\n<li><span style=\"color: #000000;\">Landkreis Kaiserslautern, 1. FCK Fanclub Fairplay e.V.<\/span><\/li>\n<li><span style=\"color: #000000;\">Kreis Kaiserslautern, Alle gleich einzigartig<\/span><\/li>\n<li><span style=\"color: #000000;\">Kreis Kaiserslautern, F\u00f6rderverein Rh\u00f6nradmuseum Reichenbach-Steegen<\/span><\/li>\n<li><span style=\"color: #000000;\">Kreis Kaiserslautern, Sickingenjahr 2015; 140 Jahre Kreissparkasse Kaiserslauterm; Rheinpfalz vor Ort<\/span><\/li>\n<li><span style=\"color: #000000;\">Polizei Rheinland-Pfalz, Landespolizeiorchester<\/span><\/li>\n<li><span style=\"color: #000000;\">evangelische Landeskirche, Kirche mit Kindern aus dem Dekanat Homburg<\/span><\/li>\n<li><span style=\"color: #000000;\">Stadt Frankenthal, Miss Strohhut, Reisen Gestern und Heute<\/span><\/li>\n<li><span style=\"color: #000000;\">Landkreis Germersheim, Fanfaren- und Spielmannszug Schaidt<\/span><\/li>\n<li><span style=\"color: #000000;\">Landkreis Germersheim, Hagenbacher W\u00f6lfe<\/span><\/li>\n<li><span style=\"color: #000000;\">Rheinische Karnevals-Korporationen, Rheinische Karnevals-Korporationen<\/span><\/li>\n<li><span style=\"color: #000000;\">Bundeswehr, Heeresmusikcorp Koblenz<\/span><\/li>\n<li><span style=\"color: #000000;\">IG BAU BV S\u00fcd-West-Pfalz, Frauenausschuss der IG Bau-Agrar-Umwelt<\/span><\/li>\n<li><span style=\"color: #000000;\">Donnersbergkreis, Showtanzgruppe Stardust vom Heimatverein Katzenbach<\/span><\/li>\n<li><span style=\"color: #000000;\">Donnersbergkreis, Gespenster vom oberen Pfrimmtal<\/span><\/li>\n<li><span style=\"color: #000000;\">Landesmusikverband Rheinland-Pfalz, Kolpingkapelle Kindsbach 1926 e.V.<\/span><\/li>\n<li><span style=\"color: #000000;\">Deutsches Rotes Kreuz, DRK<\/span><\/li>\n<li><span style=\"color: #000000;\">DLRG Rheinland-Pfalz, DLRG im Katastrophenschutz<\/span><\/li>\n<li><span style=\"color: #000000;\">StadtSpeyer, Speyerer Schnoogefetzer<\/span><\/li>\n<li><span style=\"color: #000000;\">Kreishandwerkerschaft Westpfalz, &#8222;Das Handwerk &#8211; Die Wirtschaftsmacht von Nebenan&#8220;<\/span><\/li>\n<li><span style=\"color: #000000;\">Kreishandwerkerschaft Westpfalz, Die Handwerker der Kreishandwerkerschaft Westpfalz<\/span><\/li>\n<li><span style=\"color: #000000;\">Kreishandwerkerschaft Westpfalz, Die Friseure der Innung Pfalz-Mitte-Nord<\/span><\/li>\n<li><span style=\"color: #000000;\">Kreishandwerkerschaft Westpfalz, Die Friseure der Innung Pfalz-Mitte-Nord<\/span><\/li>\n<li><span style=\"color: #000000;\">Landkreis Kusel, Pf\u00e4lzer Bergland<\/span><\/li>\n<li><span style=\"color: #000000;\">Landkreis Kusel, Pf\u00e4lzer Bergland<\/span><\/li>\n<li><span style=\"color: #000000;\">Stadt Lahnstein, Repr\u00e4sentaten des Rhein-Lahn-Kreises und der Stadt Lahnstein und des Kur- und Verkehrsvereins<\/span><\/li>\n<li><span style=\"color: #000000;\">Stadt Lahnstein, Top Secret Lahnstein<\/span><\/li>\n<li><span style=\"color: #000000;\">Landesjagdverband, Jagdhornbl\u00e4ser Landstuhl<\/span><\/li>\n<li><span style=\"color: #000000;\">Landesjagdverband, Jagdprinzessin<\/span><\/li>\n<li><span style=\"color: #000000;\">Landesjagdverband, Jagd in der Pfalz &#8211; Gott erhalt&#8217;s<\/span><\/li>\n<li><span style=\"color: #000000;\">Stadt Landau, Orignal Landauer mit Weinprinzessin &#8222;Juliana I&#8220;<\/span><\/li>\n<li><span style=\"color: #000000;\">Landesfeuerwehrverband, Deine Heimat, Deine Feuerwehr &#8211; Komm mach mit!<\/span><\/li>\n<li><span style=\"color: #000000;\">Stadt Ludwigshafen, &#8222;Es K\u00e4ttche vunn de Palz &#8211; verzehlt vum Lewe unn vum Woi&#8220;<\/span><\/li>\n<li><span style=\"color: #000000;\">Stockach, Yetis Stockach<\/span><\/li>\n<li><span style=\"color: #000000;\">Landfrauenverband Pfalz, Landfrauen\u00a0 &#8211; aktiv, modern, offen<\/span><\/li>\n<li><span style=\"color: #000000;\">Landfrauenverband Pfalz, Landfrauen Kreisverband Kaiserslautern (bestehend aus 28 Ortsvereinen mit ca. 1800 Mitgliedern)<\/span><\/li>\n<li><span style=\"color: #000000;\">Mainz-Bingen, Alzey-Worms, Mainz und Worms, Rheinhessen &#8211; die starke Region in Rheinland-Pfalz<\/span><\/li>\n<li><span style=\"color: #000000;\">Stadt Mainz, 200 Jahre Rheinhessen<\/span><\/li>\n<li><span style=\"color: #000000;\">Stadt Mainz, Roten Herolde Mainz-Neustadt<\/span><\/li>\n<li><span style=\"color: #000000;\">Stadt Ingelheim, Rotweinmajest\u00e4ten<\/span><\/li>\n<li><span style=\"color: #000000;\">Rheinhessen, Hackenheim, Tor zu Rheinhessen<\/span><\/li>\n<li><span style=\"color: #000000;\">Stadt Worms, Fanfarencorps Nibelungenstadt Worms<\/span><\/li>\n<li><span style=\"color: #000000;\">Stadt Worms, Nibelungenstadt Worms<\/span><\/li>\n<li><span style=\"color: #000000;\">THW, THW-Jugend &#8211; Spielend Helfen lernen<\/span><\/li>\n<li><span style=\"color: #000000;\">THW, THW &#8211; Bundesmusikzug Hermeskeil<\/span><\/li>\n<li><span style=\"color: #000000;\">THW, Raus aus dem Alltag &#8211; Rein ins THW<\/span><\/li>\n<li><span style=\"color: #000000;\">Malteser Hilfsdienst, Besuchshunde des Malteser Hilfdienstes in der Di\u00f6zese Speyer<\/span><\/li>\n<li><span style=\"color: #000000;\">Malteser Hilfsdienst, Malteser Jugend in der Di\u00f6zese Speyer<\/span><\/li>\n<li><span style=\"color: #000000;\">Stefan-Morsch-Stiftung, Stefan Morsch Stiftung, Hilfe f\u00fcr Leuk\u00e4mie-Kranke, R\u00f6merorchester<\/span><\/li>\n<li><span style=\"color: #000000;\">Stefan-Morsch-Stiftung, Hoffen, Helfen, Heilen &#8211; Hilfe f\u00fcr Leuk\u00e4mie-Kranke<\/span><\/li>\n<li><span style=\"color: #000000;\">Stadt Mayen, Wir sind Mayen<\/span><\/li>\n<li><span style=\"color: #000000;\">Stadt Mayen, L(i)ebenswertes Mayen<\/span><\/li>\n<li><span style=\"color: #000000;\">Kreis Mayen-Koblenz, Guggenmusik &#8222;Vallerer Tr\u00f6tek\u00f6pp&#8220; e.V.<\/span><\/li>\n<li><span style=\"color: #000000;\">Ortsgemeinde Heidesheim, Erntek\u00f6nigin Nathalie mit Ihren Prinzessinen Ronja und Saskia aus Heidesheim<\/span><\/li>\n<li><span style=\"color: #000000;\">Stadt Pirmasens, Grenadiergarde CVP mit Landgraf und Landgr\u00e4fin, Cheerleader des TVP, 5. Landesturnfest RLP-2016 Pirmasens<\/span><\/li>\n<li><span style=\"color: #000000;\">Stadt Pirmasens, 5. Tunrfest Rheinland-Pfalz, 25.-29.5.2016 in Pirmasens<\/span><\/li>\n<li><span style=\"color: #000000;\">Rhein-Hunsr\u00fcck-Kreis, Projektorchester Brasilien<\/span><\/li>\n<li><span style=\"color: #000000;\">Rhein-Hunsr\u00fcck-Kreis, Schabbacher Auswanderer um 1840 nach Brasilien<\/span><\/li>\n<li><span style=\"color: #000000;\">Rhein-Hunsr\u00fcck-Kreis, Schabbacher Auswanderer um 1840 nach Brasilien<\/span><\/li>\n<li><span style=\"color: #000000;\">Rhein-Pfalz-Kreis, Katholischer Musikverein Hochdorf 19331 e.V.<\/span><\/li>\n<li><span style=\"color: #000000;\">Rhein-Lahn-Kreis, Blumen und Musik<\/span><\/li>\n<li><span style=\"color: #000000;\">Rheinischer Sch\u00fctzenbund, Rheinischer Sch\u00fctzenbund Gebit S\u00fcd<\/span><\/li>\n<li><span style=\"color: #ff0000; background-color: #00ff00;\">Rhein-Pfalz-Kreis, Waldsemer Gasserassler<\/span><\/li>\n<li><span style=\"color: #000000;\">Pf\u00e4lzischer Sportsch\u00fctzenbund-B\u00f6llersch\u00fctzen, Pf\u00e4lzischer Sportsch\u00fctzenbund-B\u00f6llersch\u00fctzen<\/span><\/li>\n<li><span style=\"color: #000000;\">Landkreis S\u00fcdwestpfalz, Gr\u00e4fin Sickinger Land<\/span><\/li>\n<li><span style=\"color: #000000;\">Landkreis S\u00fcdwestpfalz, Musikverein Trulben e.V.<\/span><\/li>\n<li><span style=\"color: #000000;\">Landkreis S\u00fcdwestpfalz, Burgruine Drachenfels mit Ritter<\/span><\/li>\n<li><span style=\"color: #000000;\">Landkreis S\u00fcdwestpfalz, Burgruine Drachenfels &#8211; Busenberg<\/span><\/li>\n<li><span style=\"color: #000000;\">Westerwaldkreis, Musikverein Elsoff-Mittelhofen e.V.<\/span><\/li>\n<li><span style=\"color: #000000;\">S\u00fcdliche Weinstra\u00dfe, Landkreis\u00a0\u00a0\u00a0 Holzf\u00e4llerfamilie um 1900 und Brettschneider um 1700<\/span><\/li>\n<li><span style=\"color: #000000;\">Stadt Zweibr\u00fccken, Zweibr\u00fccker Rosenk\u00f6nigin<\/span><\/li>\n<li><span style=\"color: #000000;\">Stadt Zweibr\u00fccken, Stadtkapelle Zweibr\u00fccken<\/span><\/li>\n<li><span style=\"color: #000000;\">Stadt Alzey, Gastgeber des Rheinland-Pfalz-Tages 2016<\/span><\/li>\n<li><span style=\"color: #000000;\">Stadt Alzey, Fanfarenzug Schlossgarde Alzey e.V. und Volkstanz- und Trachtengruppe des ACV Verein f\u00fcr Brauchtumspflege Alzey<\/span><\/li>\n<\/ol>\n<p>&nbsp;<\/p>\n<p><strong><span style=\"color: #ff0000;\">Irrt\u00fcmer und \u00c4nderungen vorbehalten<\/span><\/strong><\/p>\n<hr \/>\n","protected":false},"excerpt":{"rendered":"<p>Am Sonntag, dem 28. Juni 2015 nahmen wir am gro\u00dfen Festumzug anl\u00e4sslich des 32. Rheinland-Pfalz Tages in Ramstein- Miesenbach teil. Zu ungewohnter fr\u00fchen Stunde versammelten wir uns in unserem Proberaum, galt es doch alle Gasserassler &#8211; wie bei den fasnachtlichen Veranstaltungen \u2013 zu schminken. Nachdem dann unser Bus bei uns vorfuhr, wurde dieser mit allem [&hellip;]<\/p>\n","protected":false},"author":1,"featured_media":0,"parent":0,"menu_order":0,"comment_status":"closed","ping_status":"open","template":"","meta":{"ngg_post_thumbnail":0,"footnotes":""},"categories":[],"tags":[],"class_list":["post-1864","page","type-page","status-publish","hentry"],"_links":{"self":[{"href":"https:\/\/www.waldsemer-gasserassler.com\/index.php?rest_route=\/wp\/v2\/pages\/1864","targetHints":{"allow":["GET"]}}],"collection":[{"href":"https:\/\/www.waldsemer-gasserassler.com\/index.php?rest_route=\/wp\/v2\/pages"}],"about":[{"href":"https:\/\/www.waldsemer-gasserassler.com\/index.php?rest_route=\/wp\/v2\/types\/page"}],"author":[{"embeddable":true,"href":"https:\/\/www.waldsemer-gasserassler.com\/index.php?rest_route=\/wp\/v2\/users\/1"}],"replies":[{"embeddable":true,"href":"https:\/\/www.waldsemer-gasserassler.com\/index.php?rest_route=%2Fwp%2Fv2%2Fcomments&post=1864"}],"version-history":[{"count":18,"href":"https:\/\/www.waldsemer-gasserassler.com\/index.php?rest_route=\/wp\/v2\/pages\/1864\/revisions"}],"predecessor-version":[{"id":1950,"href":"https:\/\/www.waldsemer-gasserassler.com\/index.php?rest_route=\/wp\/v2\/pages\/1864\/revisions\/1950"}],"wp:attachment":[{"href":"https:\/\/www.waldsemer-gasserassler.com\/index.php?rest_route=%2Fwp%2Fv2%2Fmedia&parent=1864"}],"wp:term":[{"taxonomy":"category","embeddable":true,"href":"https:\/\/www.waldsemer-gasserassler.com\/index.php?rest_route=%2Fwp%2Fv2%2Fcategories&post=1864"},{"taxonomy":"post_tag","embeddable":true,"href":"https:\/\/www.waldsemer-gasserassler.com\/index.php?rest_route=%2Fwp%2Fv2%2Ftags&post=1864"}],"curies":[{"name":"wp","href":"https:\/\/api.w.org\/{rel}","templated":true}]}}