{"id":2159,"date":"2015-11-02T13:33:42","date_gmt":"2015-11-02T12:33:42","guid":{"rendered":"http:\/\/www.waldsemer-gasserassler.com\/?page_id=2159"},"modified":"2019-06-14T11:42:16","modified_gmt":"2019-06-14T09:42:16","slug":"termine-2016","status":"publish","type":"page","link":"https:\/\/www.waldsemer-gasserassler.com\/?page_id=2159","title":{"rendered":"Termine 2016"},"content":{"rendered":"<p style=\"text-align: justify;\"><span style=\"color: #000000;\"><strong>Probentermine<\/strong><\/span><\/p>\n<p style=\"text-align: justify;\"><span style=\"color: #000000;\">Die Proben der Gasserassler finden immer Mittwochs von 20:00 Uhr bis 22:00 Uhr im Probenraum der Hermann-Gmeiner Grundschule in Waldsee Statt. Einzelne Satzproben werden von den Satzleitern organisiert. Termine hierf\u00fcr werden dann intern den Satzmitgliedern mitgeteilt.<\/span><\/p>\n<p style=\"text-align: left;\"><span style=\"font-size: 18px; color: #000000;\"><strong>Hier unser Terminkalender 2016<\/strong><\/span><\/p>\n\n<table id=\"tablepress-26\" class=\"tablepress tablepress-id-26\">\n<thead>\n<tr class=\"row-1\">\n\t<th class=\"column-1\"><strong>Tag<\/strong><\/th><th class=\"column-2\"><strong>Datum<\/strong><\/th><th class=\"column-3\"><strong>Ereignis<\/strong><\/th>\n<\/tr>\n<\/thead>\n<tbody class=\"row-striping row-hover\">\n<tr class=\"row-2\">\n\t<td class=\"column-1\"><span style=\"color:red\"><strong>Januar<\/strong><\/td><td class=\"column-2\"><\/td><td class=\"column-3\"><\/td>\n<\/tr>\n<tr class=\"row-3\">\n\t<td class=\"column-1\">Freitag<\/td><td class=\"column-2\">15.01.2016<\/td><td class=\"column-3\">1. Prunksitzung KV UNO Waldsee<\/td>\n<\/tr>\n<tr class=\"row-4\">\n\t<td class=\"column-1\">Samstag<\/td><td class=\"column-2\">16.01.2016<\/td><td class=\"column-3\">2. Prunksitzung KV UNO Waldsee<\/td>\n<\/tr>\n<tr class=\"row-5\">\n\t<td class=\"column-1\">Freitag<\/td><td class=\"column-2\">22.01.2016<\/td><td class=\"column-3\">3. Prunksitzung KV UNO Waldsee<\/td>\n<\/tr>\n<tr class=\"row-6\">\n\t<td class=\"column-1\">Samstag<\/td><td class=\"column-2\">23.01.2016<\/td><td class=\"column-3\">4. Prunksitzung KV UNO Waldsee<\/td>\n<\/tr>\n<tr class=\"row-7\">\n\t<td class=\"column-1\">Donnerstag<\/td><td class=\"column-2\">28.01.2016<\/td><td class=\"column-3\">Rhein-Pfalz-Kreis Prinzessinnen-Empfang<\/td>\n<\/tr>\n<tr class=\"row-8\">\n\t<td class=\"column-1\">Samstag<\/td><td class=\"column-2\">30.01.2016<\/td><td class=\"column-3\">5. Prunksitzung KV UNO Waldsee<\/td>\n<\/tr>\n<tr class=\"row-9\">\n\t<td class=\"column-1\">Sonntag<\/td><td class=\"column-2\">31.01.2016<\/td><td class=\"column-3\">6. Prunksitzung KV UNO Waldsee<\/td>\n<\/tr>\n<tr class=\"row-10\">\n\t<td class=\"column-1\"><span style=\"color:red\"><strong>Februar<\/strong><\/td><td class=\"column-2\"><\/td><td class=\"column-3\"><\/td>\n<\/tr>\n<tr class=\"row-11\">\n\t<td class=\"column-1\">Donnerstag<\/td><td class=\"column-2\">04.02.2016<\/td><td class=\"column-3\">Schmutziger Donnerstag<\/td>\n<\/tr>\n<tr class=\"row-12\">\n\t<td class=\"column-1\">Sonntag<\/td><td class=\"column-2\">07.02.2016<\/td><td class=\"column-3\">Fasnachtsumzug in Heppenheim<\/td>\n<\/tr>\n<tr class=\"row-13\">\n\t<td class=\"column-1\">Dienstag<\/td><td class=\"column-2\">09.02.2016<\/td><td class=\"column-3\">Fasnachtsumzug in Waldsee<\/td>\n<\/tr>\n<tr class=\"row-14\">\n\t<td class=\"column-1\">Mittwoch<\/td><td class=\"column-2\">24.02.2016<\/td><td class=\"column-3\">JAHRESHAUPTVERSAMMLUNG. Beginn: 19:30 Uhr<\/td>\n<\/tr>\n<tr class=\"row-15\">\n\t<td class=\"column-1\"><span style=\"color:red\"><strong>M\u00e4rz<\/strong><\/td><td class=\"column-2\"><\/td><td class=\"column-3\"><\/td>\n<\/tr>\n<tr class=\"row-16\">\n\t<td class=\"column-1\">Sonntag<\/td><td class=\"column-2\">06.03.2016<\/td><td class=\"column-3\"><a href=\"http:\/\/www.forst-pfalz.de\/historie\/hansel-fingerhut-fest.php\">Hansl-Fingerhut Umzug in Forst<\/a><\/td>\n<\/tr>\n<tr class=\"row-17\">\n\t<td class=\"column-1\"><span style=\"color:red\"><strong>April<\/strong><\/td><td class=\"column-2\"><\/td><td class=\"column-3\"><\/td>\n<\/tr>\n<tr class=\"row-18\">\n\t<td class=\"column-1\">Mittwoch<\/td><td class=\"column-2\">13.04.2016<\/td><td class=\"column-3\">Er\u00f6ffnung der Spargelsaison in Waldsee<\/td>\n<\/tr>\n<tr class=\"row-19\">\n\t<td class=\"column-1\">Mittwoch<\/td><td class=\"column-2\">20.04.2016<\/td><td class=\"column-3\">Er\u00f6ffnung REWE Center Rheing\u00f6nheim<\/td>\n<\/tr>\n<tr class=\"row-20\">\n\t<td class=\"column-1\">Sonntag<\/td><td class=\"column-2\">24.04.2016<\/td><td class=\"column-3\">Saisoner\u00f6ffnung TV Waldsee<\/td>\n<\/tr>\n<tr class=\"row-21\">\n\t<td class=\"column-1\"><span style=\"color:red\"><strong>Mai<\/strong><\/td><td class=\"column-2\"><\/td><td class=\"column-3\"><\/td>\n<\/tr>\n<tr class=\"row-22\">\n\t<td class=\"column-1\">Donnerstag<\/td><td class=\"column-2\">05.05.2016<\/td><td class=\"column-3\">Geburtstagsst\u00e4ndchen<\/td>\n<\/tr>\n<tr class=\"row-23\">\n\t<td class=\"column-1\"><span style=\"color:red\"><strong>Juni<\/strong><\/td><td class=\"column-2\"><\/td><td class=\"column-3\"><\/td>\n<\/tr>\n<tr class=\"row-24\">\n\t<td class=\"column-1\">Freitag<\/td><td class=\"column-2\">03.06.2016<\/td><td class=\"column-3\">Geburtstagsst\u00e4ndchen\/Polterabend<\/td>\n<\/tr>\n<tr class=\"row-25\">\n\t<td class=\"column-1\">Sonntag<\/td><td class=\"column-2\">12.06.2016<\/td><td class=\"column-3\">Erdbeerfest KV UNO Waldsee<\/td>\n<\/tr>\n<tr class=\"row-26\">\n\t<td class=\"column-1\"><span style=\"color:red\"><strong>Juli<\/strong><\/td><td class=\"column-2\"><\/td><td class=\"column-3\"><\/td>\n<\/tr>\n<tr class=\"row-27\">\n\t<td class=\"column-1\"><span style=\"color:red\"><strong>August<\/strong><\/td><td class=\"column-2\"><\/td><td class=\"column-3\"><\/td>\n<\/tr>\n<tr class=\"row-28\">\n\t<td class=\"column-1\"><span style=\"color:red\"><strong>September<\/strong><\/td><td class=\"column-2\"><\/td><td class=\"column-3\"><\/td>\n<\/tr>\n<tr class=\"row-29\">\n\t<td class=\"column-1\">Samstag<\/td><td class=\"column-2\">03.09.2016 (geplant)<\/td><td class=\"column-3\">Gasserassler Grillfest<\/td>\n<\/tr>\n<tr class=\"row-30\">\n\t<td class=\"column-1\"><span style=\"color:red\"><strong>Oktober<\/strong><\/td><td class=\"column-2\"><\/td><td class=\"column-3\"><\/td>\n<\/tr>\n<tr class=\"row-31\">\n\t<td class=\"column-1\"><span style=\"color:red\"><strong>November<\/strong><\/td><td class=\"column-2\"><\/td><td class=\"column-3\"><\/td>\n<\/tr>\n<tr class=\"row-32\">\n\t<td class=\"column-1\">Fr bis So<\/td><td class=\"column-2\">04.-06.11.2016<\/td><td class=\"column-3\">Trainingslager<\/td>\n<\/tr>\n<tr class=\"row-33\">\n\t<td class=\"column-1\">Samstag<\/td><td class=\"column-2\">12.11.2016<\/td><td class=\"column-3\">Kr\u00f6nungsball \"unserer\" Prinzessin<\/td>\n<\/tr>\n<tr class=\"row-34\">\n\t<td class=\"column-1\">Samstag<\/td><td class=\"column-2\">19.11.2016<\/td><td class=\"column-3\">Schildmontage an der \"Residenz Ihrer Tollit\u00e4t\"<\/td>\n<\/tr>\n<tr class=\"row-35\">\n\t<td class=\"column-1\"><span style=\"color:red\"><strong>Dezember<\/strong><\/td><td class=\"column-2\"><\/td><td class=\"column-3\"><\/td>\n<\/tr>\n<\/tbody>\n<\/table>\n<!-- #tablepress-26 from cache -->\n<p><span style=\"color: #000000;\"><strong>Irrt\u00fcmer und \u00c4nderungen vorbehalten!<\/strong><\/span><\/p>\n","protected":false},"excerpt":{"rendered":"<p>Probentermine Die Proben der Gasserassler finden immer Mittwochs von 20:00 Uhr bis 22:00 Uhr im Probenraum der Hermann-Gmeiner Grundschule in Waldsee Statt. Einzelne Satzproben werden von den Satzleitern organisiert. Termine hierf\u00fcr werden dann intern den Satzmitgliedern mitgeteilt. Hier unser Terminkalender 2016 Irrt\u00fcmer und \u00c4nderungen vorbehalten!<\/p>\n","protected":false},"author":1,"featured_media":0,"parent":0,"menu_order":0,"comment_status":"closed","ping_status":"closed","template":"","meta":{"ngg_post_thumbnail":0,"footnotes":""},"categories":[26],"tags":[],"class_list":["post-2159","page","type-page","status-publish","hentry","category-terminkalender"],"_links":{"self":[{"href":"https:\/\/www.waldsemer-gasserassler.com\/index.php?rest_route=\/wp\/v2\/pages\/2159","targetHints":{"allow":["GET"]}}],"collection":[{"href":"https:\/\/www.waldsemer-gasserassler.com\/index.php?rest_route=\/wp\/v2\/pages"}],"about":[{"href":"https:\/\/www.waldsemer-gasserassler.com\/index.php?rest_route=\/wp\/v2\/types\/page"}],"author":[{"embeddable":true,"href":"https:\/\/www.waldsemer-gasserassler.com\/index.php?rest_route=\/wp\/v2\/users\/1"}],"replies":[{"embeddable":true,"href":"https:\/\/www.waldsemer-gasserassler.com\/index.php?rest_route=%2Fwp%2Fv2%2Fcomments&post=2159"}],"version-history":[{"count":2,"href":"https:\/\/www.waldsemer-gasserassler.com\/index.php?rest_route=\/wp\/v2\/pages\/2159\/revisions"}],"predecessor-version":[{"id":2161,"href":"https:\/\/www.waldsemer-gasserassler.com\/index.php?rest_route=\/wp\/v2\/pages\/2159\/revisions\/2161"}],"wp:attachment":[{"href":"https:\/\/www.waldsemer-gasserassler.com\/index.php?rest_route=%2Fwp%2Fv2%2Fmedia&parent=2159"}],"wp:term":[{"taxonomy":"category","embeddable":true,"href":"https:\/\/www.waldsemer-gasserassler.com\/index.php?rest_route=%2Fwp%2Fv2%2Fcategories&post=2159"},{"taxonomy":"post_tag","embeddable":true,"href":"https:\/\/www.waldsemer-gasserassler.com\/index.php?rest_route=%2Fwp%2Fv2%2Ftags&post=2159"}],"curies":[{"name":"wp","href":"https:\/\/api.w.org\/{rel}","templated":true}]}}