{"id":235,"date":"2013-07-10T08:14:05","date_gmt":"2013-07-10T06:14:05","guid":{"rendered":"http:\/\/neu.waldsemer-gasserassler.com\/?page_id=235"},"modified":"2015-02-26T11:20:22","modified_gmt":"2015-02-26T10:20:22","slug":"trainingslager-2008","status":"publish","type":"page","link":"https:\/\/www.waldsemer-gasserassler.com\/?page_id=235","title":{"rendered":"Trainingslager 2008"},"content":{"rendered":"<p style=\"text-align: justify;\"><span style=\"color: #ff0000;\"><strong>Vom 21. bis 23 November 2008<\/strong><\/span><\/p>\n<p style=\"text-align: justify;\"><span style=\"color: #339966;\"><strong>Hilschberghaus \/ Rodalben<\/strong><\/span><\/p>\n<p style=\"text-align: justify;\"><span style=\"color: #000000;\">Auch das zweite Trainingslager der Gasserassler kann als voller Erfolg gewertet werden. Bereits am ersten Tag, einem Freitag, waren bis zum Abend fast alle Rassler an Bord. Somit stand nach einer ersten St\u00e4rkung einer ersten Probe nichts mehr im Wege. Das ganze Wochenende bis zum Sonntag Mittag lag unser Trainingsgel\u00e4nde und das Hilschberghaus fest in Gasserassler-Hand, und das rund um die Uhr (w\u00f6rtlich)!!<\/span><\/p>\n<p style=\"text-align: justify;\"><span style=\"color: #000000;\">Bereits am Freitag Nachmittag machte sich ein Gro\u00dfteil der Rassler auf den Weg nach Rodalben. Sofort nach der Ankunft wurden die Quartiere verteilt und die R\u00e4umlichkeiten zum Trainieren wurden in Augenschein genommen und unseren Anforderungen \u201cleicht angepasst\u201d. Gl\u00fccklicher Weise ist es beim Umstellen der Tische und St\u00fchle geblieben &#8211; wir wollen ja n\u00e4chstes Jahr wieder kommen.<\/span><\/p>\n<p style=\"text-align: justify;\"><span style=\"color: #000000;\">Ruck Zuck war die Essenszeit da und es wurden die Taschen und B\u00fcchsen ge\u00f6ffnet. Es gab ein z\u00fcnftiges Hausmacher (und mehr) Essen. Als dann am sp\u00e4ten Abend weitere Rassler eintrafen (der Autor dieses Berichts war auch dabei) konnten sich diese an den \u201cgemachten Tisch\u201d setzen.<\/span><\/p>\n<p style=\"text-align: justify;\"><span style=\"color: #000000;\">Aber wer glaubt, das nun der gem\u00fctliche Teil des Abends begann, irrt sich. Schon bald kam das Kommando von Skubbi \u201dALLE BL\u00c4SER MIR NACH\u201d. Im Nebengeb\u00e4ude des Hilschberghauses wurden alle Bl\u00e4ser versammelt. Ob das ein Grund hat, das dieses Geb\u00e4ude von au\u00dfen wie ein Bunker aussieht? Bis jetzt haben wir mit unserem Spiel noch keine W\u00e4nde eingerissen. Die Schlagwerke und alles was trommelt konnte im Haupthaus Stellung beziehen und ebenfalls die erste Probe abhalten.<\/span><\/p>\n<p style=\"text-align: justify;\"><span style=\"color: #000000;\">Wie schnell doch die Zeit vergeht. Nach einer Stunde wurde der Feierabend erkl\u00e4rt und man versammelte sich im gro\u00dfen Aufenthaltsraum.<\/span><\/p>\n<p style=\"text-align: justify;\"><span style=\"color: #000000;\">Eine gro\u00dfe \u00dcberraschung boten uns unsere beiden Mitrassler Andreas und Peter. Die beiden bastelten in m\u00fchevoller Arbeit ein Utensilienschrank mit einem besonderen Inhalt. Auf Basis der Form eines Mundst\u00fcckes von einem Sousaphon wurde jedem Rassler ein Schnapsgef\u00e4\u00df hergestellt, nat\u00fcrlich mit einem eingravierten Namenszug. Braucht man eigentlich zu erw\u00e4hnen, das die Dichtigkeit, das Anpassen des Mundst\u00fcckes an die jeweiligen Lippen, die Hautvertr\u00e4glichkeit in Verbindung mit der jeweiligen Getr\u00e4nkesorte auf Alkoholbasis und nicht zu vergessen der Standfestigkeit, ausgiebig getestet wurde? Glaube kaum.<\/span><\/p>\n<p style=\"text-align: justify;\"><span style=\"color: #000000;\">Der folgende Samstag verlief prinzipiell in gleicher Weise :<\/span><\/p>\n<ul style=\"text-align: justify;\">\n<ul>\n<li><span style=\"color: #000000;\">Nach dem Fr\u00fchst\u00fcck ging es zur Probe&#8230;&#8230;<\/span><\/li>\n<li><span style=\"color: #000000;\">Nach dem Mittagessen ging es zur Probe&#8230;&#8230;<\/span><\/li>\n<li><span style=\"color: #000000;\">Nach dem Abendessen ging es zur Probe&#8230;&#8230;<\/span><\/li>\n<\/ul>\n<\/ul>\n<p style=\"text-align: justify;\"><span style=\"color: #000000;\">Unterbrochen wurde dieser Rhythmus von den N\u00e4harbeiten und Kost\u00fcmereperaturundauffrischarbeiten der Damen und dem Betrachten der Sportschau der Herren.\u00a0 \ud83d\ude00<\/span><\/p>\n<p style=\"text-align: justify;\"><span style=\"color: #000000;\">Ruck Zuck war es Sonntag Morgen und nach dem Fr\u00fchst\u00fcck konnte die Abschlu\u00dfprobe gehalten werden. Alle waren der Meinung, das dieses Trainingslager ein voller Erfolg war &#8211; auch musikalisch (!!)<\/span><\/p>\n","protected":false},"excerpt":{"rendered":"<p>Vom 21. bis 23 November 2008 Hilschberghaus \/ Rodalben Auch das zweite Trainingslager der Gasserassler kann als voller Erfolg gewertet werden. Bereits am ersten Tag, einem Freitag, waren bis zum Abend fast alle Rassler an Bord. Somit stand nach einer ersten St\u00e4rkung einer ersten Probe nichts mehr im Wege. Das ganze Wochenende bis zum Sonntag [&hellip;]<\/p>\n","protected":false},"author":1,"featured_media":0,"parent":232,"menu_order":0,"comment_status":"closed","ping_status":"open","template":"","meta":{"ngg_post_thumbnail":0,"footnotes":""},"categories":[],"tags":[],"class_list":["post-235","page","type-page","status-publish","hentry"],"_links":{"self":[{"href":"https:\/\/www.waldsemer-gasserassler.com\/index.php?rest_route=\/wp\/v2\/pages\/235","targetHints":{"allow":["GET"]}}],"collection":[{"href":"https:\/\/www.waldsemer-gasserassler.com\/index.php?rest_route=\/wp\/v2\/pages"}],"about":[{"href":"https:\/\/www.waldsemer-gasserassler.com\/index.php?rest_route=\/wp\/v2\/types\/page"}],"author":[{"embeddable":true,"href":"https:\/\/www.waldsemer-gasserassler.com\/index.php?rest_route=\/wp\/v2\/users\/1"}],"replies":[{"embeddable":true,"href":"https:\/\/www.waldsemer-gasserassler.com\/index.php?rest_route=%2Fwp%2Fv2%2Fcomments&post=235"}],"version-history":[{"count":8,"href":"https:\/\/www.waldsemer-gasserassler.com\/index.php?rest_route=\/wp\/v2\/pages\/235\/revisions"}],"predecessor-version":[{"id":1690,"href":"https:\/\/www.waldsemer-gasserassler.com\/index.php?rest_route=\/wp\/v2\/pages\/235\/revisions\/1690"}],"up":[{"embeddable":true,"href":"https:\/\/www.waldsemer-gasserassler.com\/index.php?rest_route=\/wp\/v2\/pages\/232"}],"wp:attachment":[{"href":"https:\/\/www.waldsemer-gasserassler.com\/index.php?rest_route=%2Fwp%2Fv2%2Fmedia&parent=235"}],"wp:term":[{"taxonomy":"category","embeddable":true,"href":"https:\/\/www.waldsemer-gasserassler.com\/index.php?rest_route=%2Fwp%2Fv2%2Fcategories&post=235"},{"taxonomy":"post_tag","embeddable":true,"href":"https:\/\/www.waldsemer-gasserassler.com\/index.php?rest_route=%2Fwp%2Fv2%2Ftags&post=235"}],"curies":[{"name":"wp","href":"https:\/\/api.w.org\/{rel}","templated":true}]}}