{"id":239,"date":"2013-07-10T08:15:42","date_gmt":"2013-07-10T06:15:42","guid":{"rendered":"http:\/\/neu.waldsemer-gasserassler.com\/?page_id=239"},"modified":"2015-02-26T11:20:51","modified_gmt":"2015-02-26T10:20:51","slug":"trainingslager-2009","status":"publish","type":"page","link":"https:\/\/www.waldsemer-gasserassler.com\/?page_id=239","title":{"rendered":"Trainingslager 2009"},"content":{"rendered":"<p style=\"text-align: justify;\"><span style=\"color: #ff0000; background-color: #ffffff;\"><strong>Vom 06. bis 08. November 2009<\/strong><\/span><\/p>\n<p style=\"text-align: justify;\"><span style=\"color: #008000;\"><strong>Hilschberghaus \/ Rodalben<\/strong><\/span><\/p>\n<p style=\"text-align: justify;\"><span style=\"color: #000000;\">\u201dKinder, wie die Zeit vergeht&#8230;\u201d Jetzt liegt schon das dritte Trainingslager hinter uns. Wieder mal hat es sich gezeigt, das flei\u00dfiges \u00dcben in solch einer geballten Form ware musikalische Berge versetzen kann. Nach anf\u00e4nglichen (un\u00fcberh\u00f6rbaren) unterschiedlichen Auslegungen der Noten (selbst f\u00fcr Guggemusik) kam man sich langsam aber sicher n\u00e4her (musikalisch!!).<\/span><\/p>\n<p style=\"text-align: justify;\"><span style=\"color: #000000;\">Geradezu \u00fcberp\u00fcnktlich startete am Freitag Nachmittag die Vorhut in Richtung Rodalben. Zum Gl\u00fcck konnten wir dem Stau auf der B10 in Richtung Pirmasens ein Schnippchen schlagen. Leider aber holte uns die Realit\u00e4t schnell ein und auf unserer Ausweichroute bildete sich ebenfalls eine Blechlawine, in wir alle steckten &#8211; aber halt NICHT auf der B10 (!!).<\/span><\/p>\n<p style=\"text-align: justify;\"><span style=\"color: #000000;\">Nach der Ankunft am Hilschberghaus wurde nat\u00fcrlich sofort Quartier bezogen. Nicht zu vergessen das Entladen der PKW &#8211; einige Kisten, K\u00f6rbe und Taschen mit Lebensmittel in verschiedensten Aggregatszust\u00e4nden, haupts\u00e4chlich \u201cfest\u201d und \u201cfl\u00fcssig\u201d, waren im Haus zu verstauen. Ach ja &#8211; Instrumente hatten wir ja auch dabei&#8230;&#8230;&#8230;&#8230;&#8230;<\/span><\/p>\n<p style=\"text-align: justify;\"><span style=\"color: #000000;\">Sp\u00e4ter am Abend kamen dann noch weitere Musiker ins Hilschberghaus, so da\u00df wir nun die erste Probe abhalten konnten. Die \u201cSchl\u00e4ger\u201d und die \u201cBl\u00e4ser\u201d wurden getrennt voneinander in den jeweiligen Trainingsr\u00e4umen auf das bevorstehende Programm eingestellt.<\/span><\/p>\n<p style=\"text-align: justify;\"><span style=\"color: #000000;\">Nach dieser ersten Standortbestimmung ging es dann zum St\u00e4rken an das bereits von flei\u00dfigen H\u00e4nden aufgebaute B\u00fcffet mit \u201cP\u00e4lzer\u201d und internationalen K\u00f6stlichkeiten &#8211; daf\u00fcr vielen Dank !<\/span><\/p>\n<p style=\"text-align: justify;\"><span style=\"color: #000000;\">Letztes Jahr reichte ja noch der Vorraum, um alle Musiker an der Tafel zu plazieren. Aber in diesem Jahr mussten wir in den gro\u00dfen Raum umziehen. Im Nu wurde aus dem Proberaum der \u201cSchl\u00e4ger\u201d ein Speisesaal f\u00fcr fast die komplette Gasserassler Mann- und Frauschaft. Nicht zu vergessen die Kinder, die schon mal an der Kameradschaft der Gasserassler und nat\u00fcrlich am Umgang mit den Instrumenten \u201cschnuppern\u201d konnten. Fr\u00fch \u00fcbt sich, was ein Meister werden will. Auch an alten Spr\u00fcchen ist halt immer noch was Wahres dran&#8230;&#8230;<\/span><\/p>\n<p style=\"text-align: justify;\"><span style=\"color: #000000;\">Nahtlos ging es dann in den gem\u00fctlichen Teil des Abends \u00fcber, der dann doch etwas l\u00e4nger andauerte.<\/span><\/p>\n<p style=\"text-align: justify;\"><span style=\"color: #000000;\">\u201cThe Day after&#8230;.\u201d Der erste Morgen. Nach einem ausgiebigen Fr\u00fchst\u00fcck und diversen Nachbesprechungen \u00fcber die vergangene Nacht konnte die erste gr\u00f6\u00dfere Probe in Angriff genommen werden. Die Bl\u00e4ser wurden kurzfristig in Trompetergruppe und Posaunengruppe unterteilt.<\/span><\/p>\n<p style=\"text-align: justify;\"><span style=\"color: #000000;\">Nachdem dann die T\u00f6ne und die Griffe stimmten wurden die Bl\u00e4ser wiedervereinigt und das Programm wurde gemeinsam fortgesetzt.<\/span><\/p>\n<p style=\"text-align: justify;\"><span style=\"color: #000000;\">Auch die Trommler waren sehr flei\u00dfig. Im gro\u00dfen Trainingsraum wurden die hei\u00dfen Rhythmen f\u00fcr das neue Programm einstudiert, hier und da etwas an der Technik gefeilt und mal \u201ceben\u201d ein Schlagzeugsolo einstudiert, bei dem den Bl\u00e4sern beim Vorspielen am Abend im wahrsten Sinne des Wortes die Luft weg blieb (eigentlich die H\u00f6chststrafe f\u00fcr Bl\u00e4ser&#8230;)<\/span><\/p>\n<p style=\"text-align: justify;\"><span style=\"color: #000000;\">Mit voller Kraft (wegen den Vitaminen oder wegen den Eiern?) konnten wir dann am Sonntag Morgen nochmal alles geben und in der gemeinsamen Abschlussprobe unser Erlerntes zum Besten geben.<\/span><\/p>\n<p style=\"text-align: justify;\"><span style=\"color: #000000;\">Das Trainingslager 2009 kann wieder als Erfolg verbucht werden und wir freuen uns schon auf das kommende Jahr, wenn wir uns zum Trainingslager wieder hier einfinden.<\/span><\/p>\n","protected":false},"excerpt":{"rendered":"<p>Vom 06. bis 08. November 2009 Hilschberghaus \/ Rodalben \u201dKinder, wie die Zeit vergeht&#8230;\u201d Jetzt liegt schon das dritte Trainingslager hinter uns. Wieder mal hat es sich gezeigt, das flei\u00dfiges \u00dcben in solch einer geballten Form ware musikalische Berge versetzen kann. Nach anf\u00e4nglichen (un\u00fcberh\u00f6rbaren) unterschiedlichen Auslegungen der Noten (selbst f\u00fcr Guggemusik) kam man sich langsam [&hellip;]<\/p>\n","protected":false},"author":1,"featured_media":0,"parent":232,"menu_order":0,"comment_status":"closed","ping_status":"open","template":"","meta":{"ngg_post_thumbnail":0,"footnotes":""},"categories":[],"tags":[],"class_list":["post-239","page","type-page","status-publish","hentry"],"_links":{"self":[{"href":"https:\/\/www.waldsemer-gasserassler.com\/index.php?rest_route=\/wp\/v2\/pages\/239","targetHints":{"allow":["GET"]}}],"collection":[{"href":"https:\/\/www.waldsemer-gasserassler.com\/index.php?rest_route=\/wp\/v2\/pages"}],"about":[{"href":"https:\/\/www.waldsemer-gasserassler.com\/index.php?rest_route=\/wp\/v2\/types\/page"}],"author":[{"embeddable":true,"href":"https:\/\/www.waldsemer-gasserassler.com\/index.php?rest_route=\/wp\/v2\/users\/1"}],"replies":[{"embeddable":true,"href":"https:\/\/www.waldsemer-gasserassler.com\/index.php?rest_route=%2Fwp%2Fv2%2Fcomments&post=239"}],"version-history":[{"count":5,"href":"https:\/\/www.waldsemer-gasserassler.com\/index.php?rest_route=\/wp\/v2\/pages\/239\/revisions"}],"predecessor-version":[{"id":1692,"href":"https:\/\/www.waldsemer-gasserassler.com\/index.php?rest_route=\/wp\/v2\/pages\/239\/revisions\/1692"}],"up":[{"embeddable":true,"href":"https:\/\/www.waldsemer-gasserassler.com\/index.php?rest_route=\/wp\/v2\/pages\/232"}],"wp:attachment":[{"href":"https:\/\/www.waldsemer-gasserassler.com\/index.php?rest_route=%2Fwp%2Fv2%2Fmedia&parent=239"}],"wp:term":[{"taxonomy":"category","embeddable":true,"href":"https:\/\/www.waldsemer-gasserassler.com\/index.php?rest_route=%2Fwp%2Fv2%2Fcategories&post=239"},{"taxonomy":"post_tag","embeddable":true,"href":"https:\/\/www.waldsemer-gasserassler.com\/index.php?rest_route=%2Fwp%2Fv2%2Ftags&post=239"}],"curies":[{"name":"wp","href":"https:\/\/api.w.org\/{rel}","templated":true}]}}