{"id":250,"date":"2013-07-10T09:01:01","date_gmt":"2013-07-10T07:01:01","guid":{"rendered":"http:\/\/neu.waldsemer-gasserassler.com\/?page_id=250"},"modified":"2015-02-26T11:21:18","modified_gmt":"2015-02-26T10:21:18","slug":"trainingslager-2010","status":"publish","type":"page","link":"https:\/\/www.waldsemer-gasserassler.com\/?page_id=250","title":{"rendered":"Trainingslager 2010"},"content":{"rendered":"<p style=\"text-align: justify;\"><span style=\"color: #ff0000;\"><strong>Vom 08. bis 10. November 2010<\/strong><\/span><\/p>\n<p style=\"text-align: justify;\"><span style=\"color: #339966;\"><strong>Hilschberghaus \/ Rodalben<\/strong><\/span><\/p>\n<p style=\"text-align: justify;\"><span style=\"color: #000000;\">Jetzt wird es schon langsam zur Tradition &#8211; das Trainingslager der Gasserassler im\u00a0Hilschberghaus in Rodalben. Ebenfalls zur Tradition wird dort auch das schlechte Wetter. Aber was beschweren wir uns, es hat doch am Wochenende nur einmal geregnet! Das Wetter soll aber keine Ausrede sein. Trotzdem wurden unseren Instrumenten viele \u201csch\u00f6ne T\u00f6ne\u201d quasi entrissen (nebenbei auch nicht so sch\u00f6ne T\u00f6ne).<\/span><\/p>\n<p style=\"text-align: justify;\"><span style=\"color: #000000;\">Nach dem Einzug ins Quartier und dem Belegen der Zimmer und Lager wurden die Instrumente aufgebaut und es konnte mit der ersten Probe \u201czum Warmmachen\u201d begonnen werden. Sofort wurde jedem bewu\u00dft, warum wir ein Trainingslager haben. Es wurden zwar schon die ersten Passagen einge\u00fcbt und die ersten Probleme beseitigt, aber auch neue Probleme standen zum L\u00f6sen an. Aber gut Ding will Weile haben. Den Abend der ersten Trainingseinheit konnten wir dann am gewohnt reichlichen Gasserassler-Buffet mit einem gemeinsamen Abendessen einl\u00e4uten. Der weitere Abend nahm dann seinen gewohnten Lauf &#8230;&#8230;&#8230;.<\/span><\/p>\n<p style=\"text-align: justify;\"><span style=\"color: #000000;\"><i>Samstag am fr\u00fchen Morgen um 10 Uhr, und der Tag nimmt kein Ende.\u00a0<\/i>\u201cWer nachts feiern kann, kann auch morgens aufstehen\u201d !!! Wer hat den Spruch nicht auch in der Jugendzeit h\u00f6ren \u201cd\u00fcrfen\u201d? Auch dies geh\u00f6rt zu der Erfahrung des Lebens, die unsere Jugend machen muss (die \u201cAlten\u201d hatten zwar auch Probleme, aber auch bessere und vielseitig erprobte Ausreden). Die Nachwehen hatten aber am Samstag Vormittag eindeutig ihre Vorteile :\u00a0 m\u00fcde Jugend = ruhige Jugend.<\/span><\/p>\n<p style=\"text-align: justify;\"><span style=\"color: #000000;\">Das Wunder von Bern ist Geschichte &#8211; Hier das Wunder von Rodalben<\/span><\/p>\n<p style=\"text-align: justify;\"><span style=\"color: #000000;\">Was so alles \u00fcber Nacht passieren kann. Der Geist vom Hilschberghaus schlug erbarmungslos zu. Was gestern noch wie ein M\u00e4rchen klang, ist heute Wirklichkeit. Schon nach dem ersten Durchspielen der neuen Lieder konnten wir es selber nicht fassen, bis auf wenige Ausnahmen liefen die Lieder wie geschmiert, kein Vergleich zum Vorabend. Mit diesem positivem \u201cBackground\u201d probten wir den ganzen Samstag hindurch, unterbrochen von einer kleinen Mittagspause. Am Abend wurde wieder das Buffet mit den \u201cRestbest\u00e4nden\u201d vom Vortag aufgebaut. Restbest\u00e4nde? Davon h\u00e4tten wir noch ein paar Tage leben k\u00f6nnen.<\/span><\/p>\n<p style=\"text-align: justify;\"><span style=\"color: #000000;\">Der Abend verlief stimmungsvoll\u00a0 &#8211; wie immer im Trainingslager.<\/span><\/p>\n<p style=\"text-align: justify;\"><span style=\"color: #000000;\">Am Sonntag morgen, nach einem ausgiebigen Fr\u00fchst\u00fcck, packten wir wieder unsere Sachen. Nach dem mit vereinten Kr\u00e4ften die K\u00fcche und die Gesellschaftsr\u00e4ume wieder auf Vordermann gebracht waren, trafen wir uns im Bl\u00e4ser\u00fcbungsraum zur gro\u00dfen Abschlussprobe mit allen Instrumenten. Auch die Trommler und Schlagwerker waren dabei. Auch hier herrschte ungeahnte \u201cHarmonie\u201d, auch wenn dem einen oder anderen angesichts der Lautst\u00e4rke in dem kleinen Raum noch lange die Ohren klingelten.<\/span><\/p>\n<p style=\"text-align: justify;\"><span style=\"color: #000000;\">Somit darf auch dieses Trainingslager wieder als \u201cvollen\u201d Erfolgt gewertet werden.<\/span><\/p>\n","protected":false},"excerpt":{"rendered":"<p>Vom 08. bis 10. November 2010 Hilschberghaus \/ Rodalben Jetzt wird es schon langsam zur Tradition &#8211; das Trainingslager der Gasserassler im\u00a0Hilschberghaus in Rodalben. Ebenfalls zur Tradition wird dort auch das schlechte Wetter. Aber was beschweren wir uns, es hat doch am Wochenende nur einmal geregnet! Das Wetter soll aber keine Ausrede sein. Trotzdem wurden [&hellip;]<\/p>\n","protected":false},"author":1,"featured_media":0,"parent":232,"menu_order":0,"comment_status":"closed","ping_status":"open","template":"","meta":{"ngg_post_thumbnail":0,"footnotes":""},"categories":[],"tags":[],"class_list":["post-250","page","type-page","status-publish","hentry"],"_links":{"self":[{"href":"https:\/\/www.waldsemer-gasserassler.com\/index.php?rest_route=\/wp\/v2\/pages\/250","targetHints":{"allow":["GET"]}}],"collection":[{"href":"https:\/\/www.waldsemer-gasserassler.com\/index.php?rest_route=\/wp\/v2\/pages"}],"about":[{"href":"https:\/\/www.waldsemer-gasserassler.com\/index.php?rest_route=\/wp\/v2\/types\/page"}],"author":[{"embeddable":true,"href":"https:\/\/www.waldsemer-gasserassler.com\/index.php?rest_route=\/wp\/v2\/users\/1"}],"replies":[{"embeddable":true,"href":"https:\/\/www.waldsemer-gasserassler.com\/index.php?rest_route=%2Fwp%2Fv2%2Fcomments&post=250"}],"version-history":[{"count":2,"href":"https:\/\/www.waldsemer-gasserassler.com\/index.php?rest_route=\/wp\/v2\/pages\/250\/revisions"}],"predecessor-version":[{"id":1693,"href":"https:\/\/www.waldsemer-gasserassler.com\/index.php?rest_route=\/wp\/v2\/pages\/250\/revisions\/1693"}],"up":[{"embeddable":true,"href":"https:\/\/www.waldsemer-gasserassler.com\/index.php?rest_route=\/wp\/v2\/pages\/232"}],"wp:attachment":[{"href":"https:\/\/www.waldsemer-gasserassler.com\/index.php?rest_route=%2Fwp%2Fv2%2Fmedia&parent=250"}],"wp:term":[{"taxonomy":"category","embeddable":true,"href":"https:\/\/www.waldsemer-gasserassler.com\/index.php?rest_route=%2Fwp%2Fv2%2Fcategories&post=250"},{"taxonomy":"post_tag","embeddable":true,"href":"https:\/\/www.waldsemer-gasserassler.com\/index.php?rest_route=%2Fwp%2Fv2%2Ftags&post=250"}],"curies":[{"name":"wp","href":"https:\/\/api.w.org\/{rel}","templated":true}]}}