{"id":3178,"date":"2017-10-24T08:19:57","date_gmt":"2017-10-24T06:19:57","guid":{"rendered":"http:\/\/www.waldsemer-gasserassler.com\/?page_id=3178"},"modified":"2017-10-24T08:19:57","modified_gmt":"2017-10-24T06:19:57","slug":"jubilaeumsfest-in-spoeck","status":"publish","type":"page","link":"https:\/\/www.waldsemer-gasserassler.com\/?page_id=3178","title":{"rendered":"Jubil\u00e4umsfest in Sp\u00f6ck"},"content":{"rendered":"<p>Am Samstag, dem 21. Oktober 2017, waren wir zu Gast bei unseren Guggemusikfreunden aus Sp\u00f6ck.<\/p>\n<p>Anlass war deren 20-j\u00e4hriges Bestehen.<\/p>\nngg_shortcode_0_placeholder\n","protected":false},"excerpt":{"rendered":"<p>Am Samstag, dem 21. Oktober 2017, waren wir zu Gast bei unseren Guggemusikfreunden aus Sp\u00f6ck. Anlass war deren 20-j\u00e4hriges Bestehen. &#8220; order_by=&#8220;filename&#8220; order_direction=&#8220;ASC&#8220; returns=&#8220;included&#8220; maximum_entity_count=&#8220;500&#8243;]<\/p>\n","protected":false},"author":1,"featured_media":0,"parent":0,"menu_order":0,"comment_status":"closed","ping_status":"closed","template":"","meta":{"ngg_post_thumbnail":0,"footnotes":""},"categories":[12],"tags":[],"class_list":["post-3178","page","type-page","status-publish","hentry","category-events"],"_links":{"self":[{"href":"https:\/\/www.waldsemer-gasserassler.com\/index.php?rest_route=\/wp\/v2\/pages\/3178","targetHints":{"allow":["GET"]}}],"collection":[{"href":"https:\/\/www.waldsemer-gasserassler.com\/index.php?rest_route=\/wp\/v2\/pages"}],"about":[{"href":"https:\/\/www.waldsemer-gasserassler.com\/index.php?rest_route=\/wp\/v2\/types\/page"}],"author":[{"embeddable":true,"href":"https:\/\/www.waldsemer-gasserassler.com\/index.php?rest_route=\/wp\/v2\/users\/1"}],"replies":[{"embeddable":true,"href":"https:\/\/www.waldsemer-gasserassler.com\/index.php?rest_route=%2Fwp%2Fv2%2Fcomments&post=3178"}],"version-history":[{"count":5,"href":"https:\/\/www.waldsemer-gasserassler.com\/index.php?rest_route=\/wp\/v2\/pages\/3178\/revisions"}],"predecessor-version":[{"id":3183,"href":"https:\/\/www.waldsemer-gasserassler.com\/index.php?rest_route=\/wp\/v2\/pages\/3178\/revisions\/3183"}],"wp:attachment":[{"href":"https:\/\/www.waldsemer-gasserassler.com\/index.php?rest_route=%2Fwp%2Fv2%2Fmedia&parent=3178"}],"wp:term":[{"taxonomy":"category","embeddable":true,"href":"https:\/\/www.waldsemer-gasserassler.com\/index.php?rest_route=%2Fwp%2Fv2%2Fcategories&post=3178"},{"taxonomy":"post_tag","embeddable":true,"href":"https:\/\/www.waldsemer-gasserassler.com\/index.php?rest_route=%2Fwp%2Fv2%2Ftags&post=3178"}],"curies":[{"name":"wp","href":"https:\/\/api.w.org\/{rel}","templated":true}]}}