{"id":339,"date":"2013-07-11T09:18:49","date_gmt":"2013-07-11T07:18:49","guid":{"rendered":"http:\/\/neu.waldsemer-gasserassler.com\/?page_id=339"},"modified":"2015-02-26T11:27:58","modified_gmt":"2015-02-26T10:27:58","slug":"galery","status":"publish","type":"page","link":"https:\/\/www.waldsemer-gasserassler.com\/?page_id=339","title":{"rendered":"Bildergalerie"},"content":{"rendered":"<p><span style=\"color: #000000;\"><strong>Willkommen in der \u00a0Bildergalerie der Waldsemer Gasserassler<\/strong><\/span><\/p>\n<p><span style=\"color: #000000;\"><span style=\"text-align: justify;\">&#8222;Ein Bild sagt mehr, als tausend Worte&#8220; ist zwar ein etwas \u00fcberstrapazierter Spruch, aber in ihm liegt viel Wahrheit. Hier also unsere Bilderauswahl:<\/span><\/span><\/p>\n<p><span style=\"color: #ff0000;\"><strong>Bilder aus 2008<\/strong><\/span><\/p>\n<ul>\n<li><a href=\"http:\/\/www.waldsemer-gasserassler.de\/bilder\/fasnacht_2008\/bilder\/start.html\" target=\"_blank\"><strong><span style=\"color: #0000ff;\">Fasnacht: Umzug und Prunksitzung<\/span><\/strong><\/a><\/li>\n<li><a href=\"http:\/\/www.waldsemer-gasserassler.de\/bilder\/tennisverein_2008\/bilder\/start.html\" target=\"_blank\"><strong><span style=\"color: #0000ff;\">Saisoner\u00f6ffnung beim TV Waldsee<\/span><\/strong><\/a><\/li>\n<li><a href=\"http:\/\/www.waldsemer-gasserassler.de\/bilder\/naeharbeiten_2008\/bilder\/start.html\" target=\"_blank\"><strong><span style=\"color: #0000ff;\">Kost\u00fcme N\u00e4hen<\/span><\/strong><\/a><\/li>\n<li><a href=\"http:\/\/www.waldsemer-gasserassler.de\/bilder\/dancenight_2008\/bilder\/start.html\" target=\"_blank\"><strong><span style=\"color: #0000ff;\">SWR Dancenight des FCK-Fanclubs<\/span><\/strong><\/a><\/li>\n<li><a href=\"http:\/\/www.waldsemer-gasserassler.de\/bilder\/grillfest_2008\/bilder\/start.html\" target=\"_blank\"><strong><span style=\"color: #0000ff;\">Gasserassler Grillfest<\/span><\/strong><\/a><\/li>\n<li><a href=\"http:\/\/www.waldsemer-gasserassler.de\/bilder\/trainingslager_2008\/bilder\/start.html\" target=\"_blank\"><strong><span style=\"color: #0000ff;\">Trainingslager in Rodalben<\/span><\/strong><\/a><\/li>\n<\/ul>\n<p><span style=\"color: #ff0000;\"><strong>Bilder aus 2009<\/strong><\/span><\/p>\n<ul>\n<li><a href=\"http:\/\/www.waldsemer-gasserassler.de\/bilder\/fasnacht_2009\/bilder\/start.html\" target=\"_blank\"><span style=\"color: #0000ff;\"><strong><span style=\"color: #0000ff;\">Fasnacht: Umzug und Prunksitzung<\/span><\/strong><\/span><\/a><\/li>\n<li><a href=\"http:\/\/www.waldsemer-gasserassler.de\/bilder\/trainingslager_2009\/bilder\/start.html\" target=\"_blank\"><span style=\"color: #0000ff;\"><strong><span style=\"color: #0000ff;\">Trainingslager in Rodalben<\/span><\/strong><\/span><\/a><\/li>\n<\/ul>\n<p><span style=\"color: #ff0000;\"><strong>Bilder aus 2010<\/strong><\/span><\/p>\n<ul>\n<li><a href=\"http:\/\/www.waldsemer-gasserassler.de\/bilder\/fasnacht_2010\/bilder\/start.html\" target=\"_blank\"><span style=\"color: #0000ff;\"><strong><span style=\"color: #0000ff;\">Fasnacht: Prunksitzung und Umzug<\/span><\/strong><\/span><\/a><\/li>\n<li><a href=\"http:\/\/www.waldsemer-gasserassler.de\/bilder\/bierfest_2010\/bilder\/start.html\" target=\"_blank\"><span style=\"color: #0000ff;\"><strong><span style=\"color: #0000ff;\">Bierfest des ASV Waldsee<\/span><\/strong><\/span><\/a><\/li>\n<li><a href=\"http:\/\/www.waldsemer-gasserassler.de\/bilder\/fck_2010\/bilder\/start.html\" target=\"_blank\"><span style=\"color: #0000ff;\"><strong><span style=\"color: #0000ff;\">1.FCK Freundschaftsspiel<\/span><\/strong><\/span><\/a><\/li>\n<li><a href=\"http:\/\/www.waldsemer-gasserassler.de\/bilder\/trainingslager_2010\/bilder\/start.html\" target=\"_blank\"><span style=\"color: #0000ff;\"><strong><span style=\"color: #0000ff;\">Trainingslager in Rodalben<\/span><\/strong><\/span><\/a><\/li>\n<\/ul>\n<p><span style=\"color: #ff0000;\"><strong>Bilder aus 2011<\/strong><\/span><\/p>\n<ul>\n<li><a href=\"http:\/\/www.waldsemer-gasserassler.de\/bilder\/fasnacht_2011\/bilder\/start.html\" target=\"_blank\"><span style=\"color: #0000ff;\"><strong><span style=\"color: #0000ff;\">Fasnacht: Prunksitzung und Umzug<\/span><\/strong><\/span><\/a><\/li>\n<li><a href=\"http:\/\/www.waldsemer-gasserassler.de\/bilder\/schmudo_2011\/bilder\/start.html\" target=\"_blank\"><span style=\"color: #0000ff;\"><strong><span style=\"color: #0000ff;\">Fasnacht: Schmutziger Donnerstag<\/span><\/strong><\/span><\/a><\/li>\n<li><span style=\"color: #0000ff;\"><strong><a title=\"Erstes Waldseer Guggetreffen\" href=\"https:\/\/www.waldsemer-gasserassler.com\/?page_id=395\" target=\"_blank\"><span style=\"color: #0000ff;\">Erstes Waldseer Guggetreffen<\/span><\/a> <a title=\"Erstes Waldseer Guggetreffen\" href=\"http:\/\/neu.waldsemer-gasserassler.com\/?page_id=395\" target=\"_blank\"><span style=\"color: #0000ff;\">(Zur Webseite)<\/span><\/a><\/strong><\/span><\/li>\n<\/ul>\n<p><span style=\"color: #ff0000;\"><strong>Bilder aus 2012<\/strong><\/span><\/p>\n<ul>\n<li><a href=\"http:\/\/www.waldsemer-gasserassler.de\/bilder\/fasnacht_2012\/bilder\/start.html\" target=\"_blank\"><span style=\"color: #0000ff;\"><strong><span style=\"color: #0000ff;\">Fasnacht: Prunksitzung und Umzug<\/span><\/strong><\/span><\/a><\/li>\n<li><a href=\"http:\/\/www.waldsemer-gasserassler.de\/bilder\/patenkompanie_2012\/bilder\/start.html\" target=\"_blank\"><span style=\"color: #0000ff;\"><strong><span style=\"color: #0000ff;\">Verabschiedung der Waldseer Patenkompanie aus Speyer<\/span><\/strong><\/span><\/a><\/li>\n<li><a href=\"http:\/\/www.waldsemer-gasserassler.de\/bilder\/handball_2012\/bilder\/start.html\" target=\"_blank\"><span style=\"color: #0000ff;\"><strong><span style=\"color: #0000ff;\">Handballturnier in Neuhofen<\/span><\/strong><\/span><\/a><\/li>\n<\/ul>\n<p><span style=\"color: #ff0000;\"><strong>Bilder aus 2013<\/strong><\/span><\/p>\n<ul>\n<li><a href=\"http:\/\/www.waldsemer-gasserassler.de\/bilder\/fasnacht_2013\/bilder\/start.html\" target=\"_blank\"><span style=\"color: #0000ff;\"><strong><span style=\"color: #0000ff;\">Fasnacht: Prunksitzung und Umzug<\/span><\/strong><\/span><\/a><\/li>\n<\/ul>\n<p><span style=\"color: #ff0000;\"><strong>Bilder aus 2014<\/strong><\/span><\/p>\n<ul>\n<li><a title=\"Fasnacht 2014\" href=\"http:\/\/www.waldsemer-gasserassler.de\/bilder\/fasnacht_2014\/bilder\/start.html\" target=\"_blank\"><strong>Fasnacht: Prunksitzung, Landrat, Schmudo, HP, Fernsehsitzung, Umzug in Waldsee<\/strong><\/a><\/li>\n<\/ul>\n<p>&nbsp;<\/p>\n","protected":false},"excerpt":{"rendered":"<p>Willkommen in der \u00a0Bildergalerie der Waldsemer Gasserassler &#8222;Ein Bild sagt mehr, als tausend Worte&#8220; ist zwar ein etwas \u00fcberstrapazierter Spruch, aber in ihm liegt viel Wahrheit. Hier also unsere Bilderauswahl: Bilder aus 2008 Fasnacht: Umzug und Prunksitzung Saisoner\u00f6ffnung beim TV Waldsee Kost\u00fcme N\u00e4hen SWR Dancenight des FCK-Fanclubs Gasserassler Grillfest Trainingslager in Rodalben Bilder aus 2009 [&hellip;]<\/p>\n","protected":false},"author":1,"featured_media":0,"parent":0,"menu_order":0,"comment_status":"closed","ping_status":"open","template":"","meta":{"ngg_post_thumbnail":0,"footnotes":""},"categories":[],"tags":[],"class_list":["post-339","page","type-page","status-publish","hentry"],"_links":{"self":[{"href":"https:\/\/www.waldsemer-gasserassler.com\/index.php?rest_route=\/wp\/v2\/pages\/339","targetHints":{"allow":["GET"]}}],"collection":[{"href":"https:\/\/www.waldsemer-gasserassler.com\/index.php?rest_route=\/wp\/v2\/pages"}],"about":[{"href":"https:\/\/www.waldsemer-gasserassler.com\/index.php?rest_route=\/wp\/v2\/types\/page"}],"author":[{"embeddable":true,"href":"https:\/\/www.waldsemer-gasserassler.com\/index.php?rest_route=\/wp\/v2\/users\/1"}],"replies":[{"embeddable":true,"href":"https:\/\/www.waldsemer-gasserassler.com\/index.php?rest_route=%2Fwp%2Fv2%2Fcomments&post=339"}],"version-history":[{"count":25,"href":"https:\/\/www.waldsemer-gasserassler.com\/index.php?rest_route=\/wp\/v2\/pages\/339\/revisions"}],"predecessor-version":[{"id":1699,"href":"https:\/\/www.waldsemer-gasserassler.com\/index.php?rest_route=\/wp\/v2\/pages\/339\/revisions\/1699"}],"wp:attachment":[{"href":"https:\/\/www.waldsemer-gasserassler.com\/index.php?rest_route=%2Fwp%2Fv2%2Fmedia&parent=339"}],"wp:term":[{"taxonomy":"category","embeddable":true,"href":"https:\/\/www.waldsemer-gasserassler.com\/index.php?rest_route=%2Fwp%2Fv2%2Fcategories&post=339"},{"taxonomy":"post_tag","embeddable":true,"href":"https:\/\/www.waldsemer-gasserassler.com\/index.php?rest_route=%2Fwp%2Fv2%2Ftags&post=339"}],"curies":[{"name":"wp","href":"https:\/\/api.w.org\/{rel}","templated":true}]}}