{"id":3590,"date":"2018-08-22T13:40:33","date_gmt":"2018-08-22T11:40:33","guid":{"rendered":"http:\/\/www.waldsemer-gasserassler.com\/?page_id=3590"},"modified":"2023-04-03T13:20:03","modified_gmt":"2023-04-03T11:20:03","slug":"bdk-orden","status":"publish","type":"page","link":"https:\/\/www.waldsemer-gasserassler.com\/?page_id=3590","title":{"rendered":"BDK &#8211; Orden"},"content":{"rendered":"<p style=\"text-align: justify;\"><span style=\"color: #000000;\">Viele Gasserassler waren \u2013 und sind immer noch \u2013 bei der UNO seit Jahren aktiv. Daf\u00fcr gibt es von der \u201eVereinigung Badisch-Pf\u00e4lzischer Karnevalvereine\u201c und vom \u201eBund deutscher Karnevalvereine\u201c besondere Auszeichnungen.<\/span><\/p>\n<ul style=\"text-align: justify;\">\n<li><span style=\"color: #ff0000;\"><strong>Der &#8222;BDK- Orden in Gold&#8220;<\/strong><\/span><\/li>\n<\/ul>\n<p><span style=\"color: #000000;\">Der \u201cBDK-Orden\u201d ist die h\u00f6chste Auszeichnung des \u201cBund Deutscher Karneval\u201d mit Sitz in K\u00f6ln.&nbsp;<\/span><span style=\"color: #000000;\">Der Verdienstorden des BDK in Gold wird&nbsp;<\/span><span style=\"color: #000000; font-size: 16px;\">f\u00fcr 25-j\u00e4hrige ununterbrochene aktive T\u00e4tigkeit im Pr\u00e4sidium des Vereins verliehen.<\/span><\/p>\n<p style=\"text-align: justify;\"><span style=\"color: #000000;\"><strong>Hier die BDK-Orden Tr\u00e4ger der Waldsemer Gasserassler<\/strong><\/span><\/p>\n<table>\n<tbody>\n<tr>\n<td>\n<p style=\"text-align: center;\"><span style=\"font-size: 12pt; color: #000000;\"><strong>Ralf Krug<\/strong><\/span><\/p>\n<p style=\"text-align: center;\"><span style=\"color: #000000; font-size: 10pt;\">ngg_shortcode_0_placeholder<\/span><\/p>\n<\/td>\n<td>\n<p style=\"text-align: center;\"><span style=\"font-size: 12pt; color: #000000;\"><strong>Matthias Erbach<\/strong><\/span><\/p>\n<p style=\"text-align: center;\"><span style=\"color: #000000; font-size: 10pt;\">ngg_shortcode_1_placeholder<\/span><\/p>\n<\/td>\n<td>\n<p style=\"text-align: center;\"><span style=\"font-size: 12pt; color: #000000;\"><strong>Klaus Krieg<\/strong><\/span><\/p>\n<p style=\"text-align: center;\"><span style=\"color: #000000; font-size: 10pt;\">ngg_shortcode_2_placeholder<\/span><\/p>\n<\/td>\n<\/tr>\n<tr>\n<td>\n<p style=\"text-align: center;\"><span style=\"font-size: 12pt; color: #000000;\"><strong>Vera Erbach<\/strong><\/span><\/p>\n<p style=\"text-align: center;\"><span style=\"color: #000000; font-size: 10pt;\">ngg_shortcode_3_placeholder<\/span><\/p>\n<\/td>\n<td>\n<p style=\"text-align: center;\"><span style=\"font-size: 12pt; color: #000000;\"><strong>&nbsp;<\/strong><\/span><\/p>\n<\/td>\n<td>\n<p style=\"text-align: center;\"><span style=\"font-size: 12pt; color: #000000;\"><strong>J\u00fcrgen Netter<\/strong><\/span><\/p>\n<p style=\"text-align: center;\"><span style=\"color: #000000; font-size: 10pt;\">ngg_shortcode_4_placeholder<\/span><\/p>\n<\/td>\n<\/tr>\n<\/tbody>\n<\/table>\n","protected":false},"excerpt":{"rendered":"<p>Viele Gasserassler waren \u2013 und sind immer noch \u2013 bei der UNO seit Jahren aktiv. Daf\u00fcr gibt es von der \u201eVereinigung Badisch-Pf\u00e4lzischer Karnevalvereine\u201c und vom \u201eBund deutscher Karnevalvereine\u201c besondere Auszeichnungen. Der &#8222;BDK- Orden in Gold&#8220; Der \u201cBDK-Orden\u201d ist die h\u00f6chste Auszeichnung des \u201cBund Deutscher Karneval\u201d mit Sitz in K\u00f6ln.&nbsp;Der Verdienstorden des BDK in Gold wird&nbsp;f\u00fcr [&hellip;]<\/p>\n","protected":false},"author":1,"featured_media":0,"parent":0,"menu_order":0,"comment_status":"closed","ping_status":"closed","template":"","meta":{"ngg_post_thumbnail":0,"footnotes":""},"categories":[43],"tags":[],"class_list":["post-3590","page","type-page","status-publish","hentry","category-in-arbeit"],"_links":{"self":[{"href":"https:\/\/www.waldsemer-gasserassler.com\/index.php?rest_route=\/wp\/v2\/pages\/3590","targetHints":{"allow":["GET"]}}],"collection":[{"href":"https:\/\/www.waldsemer-gasserassler.com\/index.php?rest_route=\/wp\/v2\/pages"}],"about":[{"href":"https:\/\/www.waldsemer-gasserassler.com\/index.php?rest_route=\/wp\/v2\/types\/page"}],"author":[{"embeddable":true,"href":"https:\/\/www.waldsemer-gasserassler.com\/index.php?rest_route=\/wp\/v2\/users\/1"}],"replies":[{"embeddable":true,"href":"https:\/\/www.waldsemer-gasserassler.com\/index.php?rest_route=%2Fwp%2Fv2%2Fcomments&post=3590"}],"version-history":[{"count":5,"href":"https:\/\/www.waldsemer-gasserassler.com\/index.php?rest_route=\/wp\/v2\/pages\/3590\/revisions"}],"predecessor-version":[{"id":4064,"href":"https:\/\/www.waldsemer-gasserassler.com\/index.php?rest_route=\/wp\/v2\/pages\/3590\/revisions\/4064"}],"wp:attachment":[{"href":"https:\/\/www.waldsemer-gasserassler.com\/index.php?rest_route=%2Fwp%2Fv2%2Fmedia&parent=3590"}],"wp:term":[{"taxonomy":"category","embeddable":true,"href":"https:\/\/www.waldsemer-gasserassler.com\/index.php?rest_route=%2Fwp%2Fv2%2Fcategories&post=3590"},{"taxonomy":"post_tag","embeddable":true,"href":"https:\/\/www.waldsemer-gasserassler.com\/index.php?rest_route=%2Fwp%2Fv2%2Ftags&post=3590"}],"curies":[{"name":"wp","href":"https:\/\/api.w.org\/{rel}","templated":true}]}}