{"id":395,"date":"2013-07-12T11:11:28","date_gmt":"2013-07-12T09:11:28","guid":{"rendered":"http:\/\/neu.waldsemer-gasserassler.com\/?page_id=395"},"modified":"2015-02-26T11:19:45","modified_gmt":"2015-02-26T10:19:45","slug":"erstes-waldseer-guggetreffen","status":"publish","type":"page","link":"https:\/\/www.waldsemer-gasserassler.com\/?page_id=395","title":{"rendered":"Erstes Waldseer Guggetreffen"},"content":{"rendered":"<p style=\"text-align: justify;\"><span style=\"color: #000000;\"><strong>Am 14. Oktober 2011 fand unser erstes Guggemusiktreffen in Waldsee statt<\/strong>.<\/span><\/p>\n<p style=\"text-align: justify;\"><span style=\"color: #000000;\">Die Veranstaltung war der Auftakt zur Waldseer Kerwe, die nach alter Tradition immer am 3. Wochenende im Oktober gefeiert wird.<\/span><\/p>\n<p style=\"text-align: center;\"><span style=\"color: #000000;\">ngg_shortcode_0_placeholder<\/span><\/p>\n<p style=\"text-align: justify;\"><span style=\"color: #000000;\">Liebe Freunde der Waldsemer Guggemusik.<\/span><\/p>\n<p style=\"text-align: justify;\"><span style=\"color: #000000;\">Die Waldsemer Gasserassler m\u00f6chten sich bei euch f\u00fcr den regen Besuch des 1. Waldsemer Guggetreffens bedanken. Die Veranstaltung war ein voller Erfolg und vor allem durch die Auftritte der sechs Guggemusiken sowie des Spielmannszugs ein Publikumsmagnet f\u00fcr Jung und Alt. Die Band HOSSA verstand es, an die Stimmung der Guggemusiken anzukn\u00fcpfen und diese bis zum Siedepunkt zu steigern. Insgesamt ein rundum gelungenes Event, bei dem man das Genre \u201eGuggemusik\u201c mit all seinen Facetten dem Waldseer Publikum etwas n\u00e4herbringen konnte.<\/span><\/p>\n<p style=\"text-align: justify;\"><span style=\"color: #000000;\">Nat\u00fcrlich m\u00f6chten wir uns hiermit auch nochmals beim ASV und der Gemeinde f\u00fcr die sehr gute Zusammenarbeit und die M\u00f6glichkeit, ein solches Fest am Kerwewochenende durchzuf\u00fchren, recht herzlich bedanken. Und selbstverst\u00e4ndlich gilt unser Dank all den Sponsoren, die uns sowohl finanziell als auch materiell tatkr\u00e4ftig zur Seite gestanden haben. Ein abschlie\u00dfender Dank all unseren Helfern, die w\u00e4hrend unseres Auftritts hinter den Tresen ausgeholfen und somit zum Gelingen der Veranstaltung beigetragen haben! Die Bilder unseres Guggetreffens wurden uns von Karl-Heinz Zwicknagel vom ASV Waldsee zur Verf\u00fcgung gestellt.<\/span><\/p>\n<p style=\"text-align: justify;\"><span style=\"color: #000000;\"><strong>Ohne die Unterst\u00fctzung aller w\u00e4re das Guggetreffen nicht m\u00f6glich gewesen<\/strong><\/span><\/p>\n<hr \/>\n<p style=\"text-align: center;\"><span style=\"color: #ff0000;\"><strong>Impressionen vom Guggetreffen<\/strong><\/span><\/p>\n<p style=\"text-align: center;\">ngg_shortcode_1_placeholder<\/p>\n<p style=\"text-align: center;\"><strong>Maik und Julia f\u00fchrten durch den Abend<\/strong><\/p>\n<p style=\"text-align: center;\">ngg_shortcode_2_placeholder<\/p>\n<p style=\"text-align: center;\"><strong>Die Sommerfesthalle war &#8222;Probbevoll&#8220;<\/strong><\/p>\n<p style=\"text-align: center;\">\u00a0ngg_shortcode_3_placeholder<\/p>\n<p style=\"text-align: center;\"><strong>Der Spielmannszug der TG Waldsee<\/strong><\/p>\n<p style=\"text-align: center;\">ngg_shortcode_4_placeholder<\/p>\n<p style=\"text-align: center;\"><strong>Wir, die Waldsemer Gasserassler<\/strong><\/p>\n<p style=\"text-align: center;\">ngg_shortcode_5_placeholder<\/p>\n<p style=\"text-align: center;\"><strong>Die Domguggler aus Speyer<\/strong><\/p>\n<p style=\"text-align: center;\">ngg_shortcode_6_placeholder<\/p>\n<p style=\"text-align: center;\"><strong>Die Huddelschnuddler aus Ludwigshafen<\/strong><\/p>\n<p style=\"text-align: center;\">ngg_shortcode_7_placeholder<\/p>\n<p style=\"text-align: center;\"><strong>Die Feierdeifel aus Oberacker<\/strong><\/p>\n<p style=\"text-align: center;\">ngg_shortcode_8_placeholder<\/p>\n<p style=\"text-align: center;\"><strong>Die Brezlkracher aus Speyer<\/strong><\/p>\n<p style=\"text-align: center;\">ngg_shortcode_9_placeholder<\/p>\n<p style=\"text-align: center;\"><strong>Die Roigeischder aus Altlu\u00dfheim<\/strong><\/p>\n<p style=\"text-align: center;\">ngg_shortcode_10_placeholder<\/p>\n<p style=\"text-align: center;\"><strong>Die Partyband &#8222;HOSSA&#8220;<\/strong><\/p>\n","protected":false},"excerpt":{"rendered":"<p>Am 14. Oktober 2011 fand unser erstes Guggemusiktreffen in Waldsee statt. Die Veranstaltung war der Auftakt zur Waldseer Kerwe, die nach alter Tradition immer am 3. Wochenende im Oktober gefeiert wird. Liebe Freunde der Waldsemer Guggemusik. Die Waldsemer Gasserassler m\u00f6chten sich bei euch f\u00fcr den regen Besuch des 1. Waldsemer Guggetreffens bedanken. Die Veranstaltung war [&hellip;]<\/p>\n","protected":false},"author":1,"featured_media":0,"parent":232,"menu_order":0,"comment_status":"closed","ping_status":"open","template":"","meta":{"ngg_post_thumbnail":0,"footnotes":""},"categories":[],"tags":[],"class_list":["post-395","page","type-page","status-publish","hentry"],"_links":{"self":[{"href":"https:\/\/www.waldsemer-gasserassler.com\/index.php?rest_route=\/wp\/v2\/pages\/395","targetHints":{"allow":["GET"]}}],"collection":[{"href":"https:\/\/www.waldsemer-gasserassler.com\/index.php?rest_route=\/wp\/v2\/pages"}],"about":[{"href":"https:\/\/www.waldsemer-gasserassler.com\/index.php?rest_route=\/wp\/v2\/types\/page"}],"author":[{"embeddable":true,"href":"https:\/\/www.waldsemer-gasserassler.com\/index.php?rest_route=\/wp\/v2\/users\/1"}],"replies":[{"embeddable":true,"href":"https:\/\/www.waldsemer-gasserassler.com\/index.php?rest_route=%2Fwp%2Fv2%2Fcomments&post=395"}],"version-history":[{"count":14,"href":"https:\/\/www.waldsemer-gasserassler.com\/index.php?rest_route=\/wp\/v2\/pages\/395\/revisions"}],"predecessor-version":[{"id":1688,"href":"https:\/\/www.waldsemer-gasserassler.com\/index.php?rest_route=\/wp\/v2\/pages\/395\/revisions\/1688"}],"up":[{"embeddable":true,"href":"https:\/\/www.waldsemer-gasserassler.com\/index.php?rest_route=\/wp\/v2\/pages\/232"}],"wp:attachment":[{"href":"https:\/\/www.waldsemer-gasserassler.com\/index.php?rest_route=%2Fwp%2Fv2%2Fmedia&parent=395"}],"wp:term":[{"taxonomy":"category","embeddable":true,"href":"https:\/\/www.waldsemer-gasserassler.com\/index.php?rest_route=%2Fwp%2Fv2%2Fcategories&post=395"},{"taxonomy":"post_tag","embeddable":true,"href":"https:\/\/www.waldsemer-gasserassler.com\/index.php?rest_route=%2Fwp%2Fv2%2Ftags&post=395"}],"curies":[{"name":"wp","href":"https:\/\/api.w.org\/{rel}","templated":true}]}}