{"id":430,"date":"2013-07-15T09:09:19","date_gmt":"2013-07-15T07:09:19","guid":{"rendered":"http:\/\/neu.waldsemer-gasserassler.com\/?page_id=430"},"modified":"2015-02-26T11:26:41","modified_gmt":"2015-02-26T10:26:41","slug":"curiosity","status":"publish","type":"page","link":"https:\/\/www.waldsemer-gasserassler.com\/?page_id=430","title":{"rendered":"Kuriosit\u00e4ten"},"content":{"rendered":"<p style=\"text-align: justify;\"><span style=\"color: #000000;\">Willkommen im Kuriosit\u00e4tenkabinett der Waldsemer Gasserassler. Eigent\u00fcmliche Begebenheiten, sonderbare Dinge und Anekdoten rund um die Gasserassler stellen wir hier vor. Manche Dinge mit einem kleinen Augenzwinkern, andere \u00a0Dinge sind recht ernst gemeint.<\/span><\/p>\n<p style=\"text-align: justify;\"><span style=\"color: #0000ff;\"><a href=\"#Kurios-neu\" target=\"_blank\"><span style=\"color: #0000ff;\"><strong>Hier geht es zur neuesten Kuriosit\u00e4t<\/strong><\/span><\/a><\/span><\/p>\n<hr \/>\n<p style=\"text-align: justify;\"><span style=\"color: #ff0000;\"><strong>The &#8222;Flying Skubbi&#8220;<\/strong><\/span><\/p>\n<p style=\"text-align: justify;\">ngg_shortcode_0_placeholder<\/p>\n<hr \/>\n<p style=\"text-align: justify;\"><span style=\"color: #ff0000;\"><strong>Toni und das Sousaphon<\/strong><\/span><\/p>\n<p style=\"text-align: justify;\">ngg_shortcode_1_placeholder<\/p>\n<hr \/>\n<p style=\"text-align: justify;\"><span style=\"color: #ff0000;\"><strong>Schlagwerkzielwasser von N\u00f6ten<\/strong><\/span><\/p>\n<p style=\"text-align: justify;\">ngg_shortcode_2_placeholder<\/p>\n<hr \/>\n<p style=\"text-align: justify;\"><strong><span style=\"color: #ff0000;\">Drumsticks zum Selbermachen<\/span><\/strong><\/p>\n<p style=\"text-align: justify;\"><span style=\"color: #000000;\">Viele Schlagzeuger finden auch nach Jahren nicht die richtigen Drumsticks. Das Ergebnis sieht man ja im oberen rechten Bild. Da hat sich eine Firma (hier nicht n\u00e4her erw\u00e4hnt) mal Gedanken gemacht und hat Drumsticks zum Selbermachen entwickelt.<\/span><\/p>\n<p style=\"text-align: justify;\">ngg_shortcode_3_placeholder<\/p>\n<hr \/>\n<p style=\"text-align: justify;\"><strong><span style=\"color: #ff0000;\">SUV<\/span><\/strong><\/p>\n<p style=\"text-align: justify;\"><span style=\"color: #000000;\">Der Begriff \u201cSUV\u201d ist f\u00fcr Autonarren ein allgegew\u00e4rtiger Begriff &#8211; bis jetzt. F\u00fcr diejenigen, die mit dem Begriff \u201cSUV\u201d nix anzufangen wissen, hier ein Auszug aus Wikipedia : Der Begriff \u201cSUV\u201d steht f\u00fcr \u201cSport Utility Vehicle\u201d bzw. \u201cGel\u00e4ndelimousine\u201d und bezeichnet einen PKW mit einem \u00e4hnlichen Fahrkomfort wie bei einer Limousine, jedoch mit einer erh\u00f6hten Gel\u00e4ndeg\u00e4ngigkeit sowie mit einer Karosserie, die an das Erscheinungsbild von Gel\u00e4ndewagen angelehnt ist. Die Gel\u00e4ndetauglichkeit ist von Modelltyp zu Modelltyp sehr unterschiedlich; manche SUVs verf\u00fcgen, da sie vorwiegend f\u00fcr die Nutzung im Stra\u00dfenverkehr bestimmt sind, auch nicht \u00fcber Allradantrieb.<\/span><\/p>\n<p><span style=\"color: #000000;\">Nun kommen wir zur Klarstellung, warum es in der Einleitung \u201cbis jetzt\u201d hei\u00dft.<\/span><\/p>\n<p><span style=\"color: #008000;\"><strong><em>Wir pr\u00e4sentieren das Gasserassler SUV !!!<\/em><\/strong><\/span><\/p>\n<p style=\"text-align: justify;\"><span style=\"color: #000000;\">Hier nun eine neuerliche Begriffserkl\u00e4rung der Abk\u00fcrzung \u201cSUV\u201d, die bestimmt in naher Zukunft Einzug in die Welt der Mobilit\u00e4t halten wird. Hier ist es !!<\/span><\/p>\n<p style=\"text-align: justify;\"><span style=\"color: #000000;\"><strong>Skubbis Unglaubliches Vehicle<\/strong><\/span><\/p>\n<p><span style=\"color: #000000;\">ngg_shortcode_4_placeholder<\/span><\/p>\n<p><span style=\"color: #000000;\">Wie die meisten Erfindungen der Menschheit, so entstand auch dieses SUV aus einem Zufall heraus.<\/span><\/p>\n<p><span style=\"color: #000000;\">\u201c Zuf\u00e4llig \u201c &#8230;&#8230;&#8230;.<\/span><\/p>\n<ul>\n<li><span style=\"color: #000000;\">war im September 2010 Gasserassler Grillfest<\/span><\/li>\n<li><span style=\"color: #000000;\">war der Erfinder mit dem Fahrrad anwesend<\/span><\/li>\n<li><span style=\"color: #000000;\">war der Erfinder Nachts nach Hause unterwegs<\/span><\/li>\n<li><span style=\"color: #000000;\">war die Wegstrecke etwas eigenwillig gew\u00e4hlt (Von Waldsee \u00fcber Limburgerhof, Rehh\u00fctte, Golfplatz, wieder Rehh\u00fctte und nochmals zur\u00fcck, Kohlhof dann weiter nach Dannstadt (oder wo war das?). Also ein fast schnurgerader Weg<\/span><\/li>\n<\/ul>\n<p><span style=\"color: #000000;\">Wer genau hinsieht, erkennt am R\u00e4derwerk die Eigenwilligkeit dieses Unterfangens.<\/span><\/p>\n<p><span style=\"color: #000000;\">ngg_shortcode_5_placeholder<\/span><\/p>\n<hr \/>\n<p><strong style=\"text-align: justify;\"><span style=\"color: #ff0000;\">Gutsle-Sammler undercover bei den Gasserasslern!!!<\/span><\/strong><\/p>\n<p style=\"text-align: justify;\"><span style=\"color: #000000;\">Gut getarnt als ein Mitglied der Schlagwagenabteilung unterwanderte ein bis heute Unbekannter Gutslesammler den Waldseer Fasnachtsumzug. Zu sp\u00e4t erkannten wir, das die vielen Trommeln nur zur Tarnung dienten. Einzig die im Vordergrund einzusehende \u201cTrommel\u201d diente dem einzigen Zweck dieser Aktion: Gutsle.<\/span><\/p>\n<p style=\"text-align: justify;\"><span style=\"color: #000000;\">ngg_shortcode_6_placeholder<\/span><\/p>\n<p style=\"text-align: justify;\"><span style=\"color: #000000;\">Noch heute glauben viele an die Legende, das unserem Mitglied N.H. (Name von der Redaktion gek\u00fcrzt) einfach nur das Trommelfell seiner Snare-Drum kurz nach Beginn des Umzuges kaputt gegangen ist &#8230;&#8230;&#8230;&#8230;&#8230;&#8230;&#8230;&#8230;&#8230;&#8230;&#8230; Sachdienliche Hinweise wie immer an die Abteilungsleiter der Gasserassler oder an die SOKO \u201cRiss im Fell\u201d.<\/span><\/p>\n<hr \/>\n<p style=\"text-align: justify;\"><span style=\"color: #ff0000;\"><strong>Sauborschdeabschaber<\/strong><\/span><\/p>\n<p style=\"text-align: justify;\"><span style=\"color: #000000;\">Seit wann braucht man den Noten, um mit einem \u201cSauborschdeabschaber\u201d Musik zu machen ???? Und dann auch noch \u201cEin bisschen Spass mu\u00df sein!\u201d. Ich glaube, die Wutz w\u00e4re da anderer Meinung &#8230;&#8230;..<\/span><\/p>\n<p style=\"text-align: justify;\"><span style=\"color: #000000;\">ngg_shortcode_7_placeholder<\/span><\/p>\n<hr \/>\n<p style=\"text-align: justify;\"><strong><span style=\"color: #ff0000;\">Gasserassler erfinden neue Notation<\/span><\/strong><\/p>\n<p><span style=\"color: #000000;\">Folgende Notation f\u00fcr Musik ist ja nicht gerade neu und ja im Allgemeinen bekannt.<\/span><\/p>\n<p><span style=\"color: #000000;\">ngg_shortcode_8_placeholder<\/span><\/p>\n<p><span style=\"color: #000000;\">Etwas abstrakter sind dann schon die Noten f\u00fcr das Schlagzeug<\/span><\/p>\n<p><span style=\"color: #000000;\">ngg_shortcode_9_placeholder<\/span><\/p>\n<p><span style=\"color: #000000;\">Aber was sind die Noten der alten Griechen &#8230;&#8230;&#8230;&#8230;..<\/span><\/p>\n<p><span style=\"color: #000000;\">ngg_shortcode_10_placeholder<\/span><\/p>\n<p><span style=\"color: #000000;\">&#8230;&#8230; gegen die GASSERASSLER &#8211; RASSLER-Noten !!!!!!!!!!!<\/span><\/p>\n<p><span style=\"color: #000000;\">ngg_shortcode_11_placeholder<\/span><\/p>\n<hr \/>\n<p><span style=\"color: #ff0000;\"><strong style=\"text-align: justify;\">Peter und die Damenwelt<\/strong><\/span><\/p>\n<p><span style=\"color: #000000;\">Nach einer wahren Geschichte:<\/span><\/p>\n<p style=\"text-align: justify;\"><span style=\"text-align: justify; color: #000000;\">Es geschah in jener Nacht vom 11.02. auf den 12.02.2012. Herr P.S. aus W. wollte nach seiner Heimkehr vom Guggeraum in die Haardtstra\u00dfe den M\u00e4dels der Waldsemer Gasserassler den &#8222;Leeb&#8220; glei vis-\u00e1-vis von seinem Wohnhaus kr\u00e4ftig einheizen, damit diese sich beim reiten vum &#8222;Leeb&#8220;nicht erk\u00e4lten solltenn. Doch was mu\u00dften die lustigen und nur ein klein wenig angeheiterten M\u00e4dels bei ihrer Ankunft am &#8222;Leeb&#8220; feststellen: NIX war passiert. De Leeb war eiskalt!!!! Deswegen schrieben sie Herrn P.S. aus W. eine Mitteilung in der Hoffnung, er m\u00f6ge diese am n\u00e4chsten Morgen in seinem Briefk\u00e4schtl auch finden. Auf dieser Mitteilung stand geschrieben:<\/span><\/p>\n<table border=\"0\">\n<tbody>\n<tr>\n<td>ngg_shortcode_12_placeholder<\/td>\n<td>ngg_shortcode_13_placeholder<\/td>\n<\/tr>\n<\/tbody>\n<\/table>\n<p><span style=\"color: #000000;\">Begriffserkl\u00e4rung f\u00fcr \u201cAusw\u00e4rdische\u201d:<\/span><\/p>\n<ul>\n<li><span style=\"color: #000000;\">\u00a0Leeb = L\u00f6we = Denkmal in Waldsee<\/span><\/li>\n<li><span style=\"color: #000000;\">\u00a0Mumu = ? (Ein Schelm, der B\u00f6ses dabei denkt)<\/span><\/li>\n<\/ul>\n<p style=\"text-align: justify;\"><span style=\"color: #000000;\">Nachdem Dr. P. S. die Mitteilung tats\u00e4chlich im &#8222;K\u00e4schtl&#8220; gefunden hatte, lie\u00df er diese Schuld nicht auf sich sitzen, versorgte noch am n\u00e4chsten Morgen die M\u00e4dels mit eigens entwickelter Medizin.<\/span><\/p>\n<table border=\"0\">\n<tbody>\n<tr>\n<td>ngg_shortcode_14_placeholder<\/td>\n<td>ngg_shortcode_15_placeholder<\/td>\n<\/tr>\n<\/tbody>\n<\/table>\n<p style=\"text-align: justify;\"><span style=\"color: #000000;\">Jetzt haben wir einen Arzt, der sich in Zukunft um uns sorgt und sich fachm\u00e4nnisch um uns k\u00fcmmert !<\/span><\/p>\n<p><span style=\"color: #000000;\"><em>Danke Peter!\u00a0Deine M\u00e4dle<\/em><\/span><\/p>\n<hr \/>\n<p style=\"text-align: justify;\"><span style=\"color: #ff0000;\"><strong>Mitglieder Werbeaktion \u201c10-80\u201d nimmt ungeahnte Ausma\u00dfe an<\/strong><\/span><\/p>\n<p style=\"text-align: justify;\"><span style=\"color: #000000;\">Sind unsere Schlagwerker in die Jahre gekommen?\u00a0Oder&#8230;&#8230;.<\/span><\/p>\n<p style=\"text-align: justify;\"><span style=\"color: #000000;\">\u00a0Ist dies ein Utensil f\u00fcr einen neuen Mitrassler nach der \u201eAktion 10-80\u201c?<\/span><\/p>\n<p style=\"text-align: justify;\"><span style=\"color: #000000;\">ngg_shortcode_16_placeholder<\/span><\/p>\n<p style=\"text-align: justify;\"><span style=\"color: #000000;\">\u00a0(da hat es aber einer zu w\u00f6rtlich genommen)<\/span><\/p>\n<p style=\"text-align: justify;\"><span style=\"color: #000000;\">So gesehen w\u00e4hrend der Verabschiedung der Patenkompanie Speyer in der Waldseer Sommerfesthalle am 2. Juni 2012.<\/span><\/p>\n<hr \/>\n<p style=\"text-align: justify;\"><strong><span style=\"color: #ff0000;\">Moi Sousaphon klingt sch&#8230;..e<\/span><\/strong><\/p>\n<p style=\"text-align: justify;\">ngg_shortcode_17_placeholder<\/p>\n<hr \/>\n<p style=\"text-align: justify;\"><span style=\"color: #ff0000;\"><strong>Forscht ??<\/strong><\/span><\/p>\n<p style=\"text-align: justify;\"><span style=\"color: #000000;\">Zugegeben: Viele Wege f\u00fchren nach Rom. Wer kennt diesen Spruch nicht bzw. hat ihn nicht schon mal (als Aussrede) benutzt. Auch ein gewisser Christoph Kolumbus ist nach Westen gesegelt, um das im Osten liegende Indien zu besuchen. Immerhin hat er so ganz nebenbei und eher zuf\u00e4llig einen neuen Kontinent entdeckt, der schon l\u00e4ngere Zeit in Vergessenheit geraten war.<\/span><\/p>\n<p style=\"text-align: justify;\"><span style=\"color: #000000;\">So kam es, das am Sonntag, dem 10. M\u00e4rz im Jahr des Herren 2013, sich eine kleine Nu\u00dfschale vom Hauptverband der Gasserassler Flotte absetzte, um neue Welten zu erforschen, neues Leben und neue Zivilisationen. Viele Lichtjahre von Forst entfernt drang diese Nu\u00dfschale in Gegenden vor, die niemals auf unserer Route lagen.<\/span><\/p>\n<p style=\"text-align: justify;\"><span style=\"color: #000000;\">Wir wissen nicht, was diese Nu\u00dfschale letzt endlich wieder zur Umkehr zwang. War es die Einsamkeit? War es der Verlust der liebe Mitmusiker? Oder waren es am Ende doch die wilden Tiere vom Landauer Zoo? Wir wissen es nicht.<\/span><\/p>\n<p style=\"text-align: justify;\"><span style=\"color: #000000;\">Schlie\u00dflich gelang es uns doch, mit Hilfe hochmodernster, teilweise noch unerforschter Technologien (Handy) die Verlorenen wieder auf den rechten Weg zu bringen.<\/span><\/p>\n<p style=\"text-align: justify;\"><span style=\"color: #000000;\">Es gibt halt bei uns nur EIN Forst. So soll es auch bleiben.<\/span><\/p>\n<p style=\"text-align: justify;\"><span style=\"color: #000000;\">W\u00fcrde Stanley Kubrik noch leben, er h\u00e4tte hier genug Stoff f\u00fcr eine Neuverfilmung seines SF-Klassikers<\/span><\/p>\n<p style=\"text-align: justify;\"><span style=\"color: #000000;\"><strong>\u201c2001 &#8211; Odyssee im Weltraum\u201d<\/strong><\/span><\/p>\n<p style=\"text-align: justify;\"><span style=\"color: #000000;\">mit dem neuen Titel<\/span><\/p>\n<p style=\"text-align: justify;\"><span style=\"color: #000000;\"><strong>\u201c2013 &#8211; Odyssee in de\u00b4 Palz\u201d<\/strong><\/span><\/p>\n<p style=\"text-align: justify;\"><span style=\"color: #000000;\">ngg_shortcode_18_placeholder<\/span><\/p>\n<p><span style=\"color: #000000;\">blau: Normale Route \/\u00a0rot: Expedition \u201cForst 2013\u201d<\/span><\/p>\n<hr \/>\n<p style=\"text-align: center;\"><span style=\"color: #0000ff; font-size: 22px;\"><strong><a name=\"Kurios-neu\"><\/a>Neueste Kuriosit\u00e4t<\/strong><\/span><\/p>\n<p><span style=\"color: #ff0000;\"><strong>Dr. Umels Noten- und Harmonielehre<\/strong><\/span><\/p>\n<p style=\"text-align: justify;\"><span style=\"color: #000000;\">+++ Hilschberghaus +++\u00a0Rodalben +++ Trainingslager 2013 +++<\/span><\/p>\n<p style=\"text-align: justify;\"><span style=\"color: #000000;\">Freitag Abend (noch nicht all zusp\u00e4t)<\/span><\/p>\n<p style=\"text-align: justify;\"><span style=\"color: #000000;\">Pl\u00f6tzlich war von &#8222;Ferz&#8220;, &#8222;Migge-Ferz&#8220;, &#8222;Migge-Schi\u00df&#8220;, &#8222;Schnapper&#8220; und &#8222;Eier&#8220; die Rede. Was war geschehen? Neue Geheimsprache der Gasserassler? Oder hat jemand den Fernseher zu laut gestellt?<\/span><\/p>\n<p style=\"text-align: justify;\"><span style=\"color: #000000;\">Es war von &#8222;Halwe&#8220; und &#8222;Ganze&#8220; die Rede. Spielen die Billard?<\/span><\/p>\n<p style=\"text-align: justify;\"><span style=\"color: #000000;\">Es vielen Worte wie &#8222;Vertel&#8220; und &#8222;Achtel&#8220;. Dabei trinken wir in de Palz blo\u00df Schobbe!<\/span><\/p>\n<p><span style=\"color: #000000;\">Nein! Unser Dr. Umel hielt vor versammelter Mannschaft \u00a0einen Vortrag \u00fcber Noten- und Harmonielehre. Wiedermal wurde bewiesen, das man einfache Dinge nicht unbedingt kompliziert beschreiben mu\u00df.<\/span><\/p>\n<p><span style=\"color: #000000;\">Hier der Vortrag von Dr. Umel in Bildern<\/span><\/p>\n<p><a href=\"https:\/\/www.waldsemer-gasserassler.com\/wp-content\/uploads\/2013\/11\/Harmonie-und-Notenlehre-.pdf\" target=\"_blank\"><img loading=\"lazy\" decoding=\"async\" class=\"wp-image-836 alignleft\" src=\"https:\/\/www.waldsemer-gasserassler.com\/wp-content\/uploads\/2013\/07\/harmonielehre-213x300.jpg\" alt=\"harmonielehre\" width=\"192\" height=\"270\" srcset=\"https:\/\/www.waldsemer-gasserassler.com\/wp-content\/uploads\/2013\/07\/harmonielehre-213x300.jpg 213w, https:\/\/www.waldsemer-gasserassler.com\/wp-content\/uploads\/2013\/07\/harmonielehre-727x1024.jpg 727w, https:\/\/www.waldsemer-gasserassler.com\/wp-content\/uploads\/2013\/07\/harmonielehre.jpg 750w\" sizes=\"auto, (max-width: 192px) 100vw, 192px\" \/><\/a><\/p>\n<p>&nbsp;<\/p>\n<p>&nbsp;<\/p>\n<p>&nbsp;<\/p>\n<p>&nbsp;<\/p>\n<p>&nbsp;<\/p>\n<p>&nbsp;<\/p>\n<p>&nbsp;<\/p>\n<hr \/>\n<p>&nbsp;<\/p>\n<p>&nbsp;<\/p>\n","protected":false},"excerpt":{"rendered":"<p>Willkommen im Kuriosit\u00e4tenkabinett der Waldsemer Gasserassler. Eigent\u00fcmliche Begebenheiten, sonderbare Dinge und Anekdoten rund um die Gasserassler stellen wir hier vor. Manche Dinge mit einem kleinen Augenzwinkern, andere \u00a0Dinge sind recht ernst gemeint. Hier geht es zur neuesten Kuriosit\u00e4t The &#8222;Flying Skubbi&#8220; Toni und das Sousaphon Schlagwerkzielwasser von N\u00f6ten Drumsticks zum Selbermachen Viele Schlagzeuger finden auch [&hellip;]<\/p>\n","protected":false},"author":1,"featured_media":0,"parent":0,"menu_order":0,"comment_status":"closed","ping_status":"open","template":"","meta":{"ngg_post_thumbnail":0,"footnotes":""},"categories":[],"tags":[],"class_list":["post-430","page","type-page","status-publish","hentry"],"_links":{"self":[{"href":"https:\/\/www.waldsemer-gasserassler.com\/index.php?rest_route=\/wp\/v2\/pages\/430","targetHints":{"allow":["GET"]}}],"collection":[{"href":"https:\/\/www.waldsemer-gasserassler.com\/index.php?rest_route=\/wp\/v2\/pages"}],"about":[{"href":"https:\/\/www.waldsemer-gasserassler.com\/index.php?rest_route=\/wp\/v2\/types\/page"}],"author":[{"embeddable":true,"href":"https:\/\/www.waldsemer-gasserassler.com\/index.php?rest_route=\/wp\/v2\/users\/1"}],"replies":[{"embeddable":true,"href":"https:\/\/www.waldsemer-gasserassler.com\/index.php?rest_route=%2Fwp%2Fv2%2Fcomments&post=430"}],"version-history":[{"count":41,"href":"https:\/\/www.waldsemer-gasserassler.com\/index.php?rest_route=\/wp\/v2\/pages\/430\/revisions"}],"predecessor-version":[{"id":1698,"href":"https:\/\/www.waldsemer-gasserassler.com\/index.php?rest_route=\/wp\/v2\/pages\/430\/revisions\/1698"}],"wp:attachment":[{"href":"https:\/\/www.waldsemer-gasserassler.com\/index.php?rest_route=%2Fwp%2Fv2%2Fmedia&parent=430"}],"wp:term":[{"taxonomy":"category","embeddable":true,"href":"https:\/\/www.waldsemer-gasserassler.com\/index.php?rest_route=%2Fwp%2Fv2%2Fcategories&post=430"},{"taxonomy":"post_tag","embeddable":true,"href":"https:\/\/www.waldsemer-gasserassler.com\/index.php?rest_route=%2Fwp%2Fv2%2Ftags&post=430"}],"curies":[{"name":"wp","href":"https:\/\/api.w.org\/{rel}","templated":true}]}}