{"id":462,"date":"2013-07-15T11:53:39","date_gmt":"2013-07-15T09:53:39","guid":{"rendered":"http:\/\/neu.waldsemer-gasserassler.com\/?page_id=462"},"modified":"2015-02-26T11:29:51","modified_gmt":"2015-02-26T10:29:51","slug":"wir-uber-uns","status":"publish","type":"page","link":"https:\/\/www.waldsemer-gasserassler.com\/?page_id=462","title":{"rendered":"Wir \u00fcber uns"},"content":{"rendered":"<p style=\"text-align: justify;\"><span style=\"color: #000000;\">Hier auf dieser Seite m\u00f6chten wir berichten, wie es zu den Gasserasslern kam und was seit dem passiert ist.<\/span><\/p>\n<p style=\"text-align: justify;\"><strong><span style=\"color: #ff0000;\">Idee an der Bar und Feinschliff im Trainingslager<\/span><\/strong><\/p>\n<p style=\"text-align: justify;\"><span style=\"color: #000000;\">In der Fasnachtszeit ist schon so manche Schnapsidee entstanden. Was sich aber die Mitglieder der Waldseer Tanzgruppe \u201cMixed Pickles\u201d in ihrer Abschiedskampagne vor fast zwei Jahren ausdachten, darf als au\u00dfergew\u00f6hnlich bezeichnet werden: Nicht-Musiker gr\u00fcndeten eine Musikgruppe.<\/span><\/p>\n<p style=\"text-align: justify;\"><span style=\"color: #000000;\">Wir wollten nicht nur im Elferrat sitzen, sondern weiterhin Stimmung in die Halle bringen. Da kam uns der Gedanke, Guggemusik zu spielen. Nach den Prunksitzungen wurde das Vorhaben an der Bar mit Freunden und Bekannten diskutiert &#8211; mit Erfolg. Viele haben spontan zugesagt, obwohl die meisten bisher mit Musik \u00fcberhaupt nichts am Hut hatten. Im Mai 2006 fanden sich dann 25 Interessierte in der \u201cNarrhalla&#8220; ein, um sich ein Instrument aussuchen.<\/span><\/p>\n<p style=\"text-align: justify;\"><span style=\"color: #000000;\">Das war wie auf dem Basar. Kaum einer der k\u00fcnftigen Musikanten konnte Noten lesen, geschweige denn ein Instrument spielen. Unser ehrgeiziges Ziel war es, bereits 2006\/2007 erstmals aufzutreten, aber wir haben schnell gemerkt, dass das nichts wird.<\/span><\/p>\n<p style=\"text-align: justify;\"><span style=\"color: #000000;\">Dennoch scheuten wir Fasnachtmusiker &#8211; die Gruppe nennt sich nun \u201cWaldsemer Gasserassler&#8220; &#8211; keine Kosten und M\u00fchen, kauften uns gebrauchte Posaunen, Trompeten sowie Schlagwerk und nahmen Unterricht. Seit einem Vierteljahr gibt es mit Christian Skubala auch einen Dirigenten. Zuvor hatten Volker Kn\u00f6rr, Klaus Krieg und Matthias Erbach sich diese Aufgabe geteilt.<\/span><\/p>\n<p style=\"text-align: justify;\"><span style=\"color: #000000;\">Der Premiere bei der 1. Prunksitzung am Freitag dem 11. Januar 2008 stand nichts mehr im Weg &#8211; zumindest musikalisch. Die Kost\u00fcme wurden von den Frauen gen\u00e4ht. Pro Kopf kostete allein die Kleidung knapp 300 Euro. Die Stoffe wurden auf einer Messe ausgesucht und aus Holland geliefert. Zum Gl\u00fcck hat uns die Uno etwas vorfinanziert. Den letzten Schliff holten wir uns beim Trainingslager in Rodalben. Zum Abschluss wollten wir sonntags noch das Marschieren \u00fcben und sind musizierend um das Haus gezogen. Bis irgendwann einer kam und meinte: \u201cIhr spielt ja sehr sch\u00f6n, aber ihr wisst schon, dass heute Volkstrauertag ist\u201d. Die 32 Mitglieder zwischen 13 und 55 Jahren beherrschen schon f\u00fcnf Lieder. Nach Noten spielen zwar immer noch nicht alle, doch jeder wei\u00df seinem Instrument die richtigen T\u00f6ne zu entlocken. Ein paar Bl\u00e4ser k\u00f6nnten wir noch gut gebrauchen. Auch die Geselligkeit kommt nicht zu kurz !!<\/span><\/p>\n<hr \/>\n<p style=\"text-align: justify;\"><strong><span style=\"color: #ff0000;\">Komm und mach mit !!<\/span><\/strong><\/p>\n<p style=\"text-align: justify;\"><span style=\"color: #000000;\">Nach dem fulminanten Deb\u00fct auf der B\u00fchne des KV UNO Waldsee erfolgte ein Aufruf, um noch mehr Interessierte anzulocken und zu animieren, bei den Gasserasslern mitzumachen. Als der Fasnachtsstress abgeklungen war wurde in der Narrhalla ein Probetag veranstaltet, bei dem viele interessierte Leute, egal welcher Altersgruppe angeh\u00f6rend, die verschiedensten Instrumente ausprobieren konnten.<\/span><\/p>\n<p style=\"text-align: justify;\"><span style=\"color: #000000;\">Einige griffen sofort zu, andere wiederum probierten das eine oder andere Instrument erst mal aus.\u00a0Alles in Allem kann diese Veranstaltung als ein Erfolg gewertet werden, den dadurch konnten wir einige neue Mit-Gasserassler in unseren Reihen aufnehmen.<\/span><\/p>\n<p style=\"text-align: justify;\"><span style=\"color: #000000;\">Dank intensivem Einsatz, sowohl von den Neu-Musikern, als auch von den \u00dcbungsleitern, k\u00f6nnen viele schon in der kommenden Kampagne mitmachen und ihr Neuerlerntes zum Besten geben.<\/span><\/p>\n<hr \/>\n<p><span style=\"color: #ff0000;\"><strong>Home, Sweet Home !!<\/strong><\/span><\/p>\n<p style=\"text-align: justify;\"><span style=\"color: #000000;\">Die nun immer gr\u00f6\u00dfer werdende Schar der Gasserassler und damit verbunden ein immer gr\u00f6\u00dfer werdender Stand von \u201cAusr\u00fcstungsgegenst\u00e4nden\u201d machten es notwendig, sich nach einem eigenst\u00e4ndigen Proberaum umzusehen. Wir wurden auch relativ schnell f\u00fcndig. Im Sp\u00e4tjahr 2008 konnte nach einer Umbauphase ein Kellerraum in der Hermann-Gmeiner-Schule in Waldsee bezogen werden.<\/span><\/p>\n<hr \/>\n<p><span style=\"color: #ff0000;\"><strong>Zweiter Schnuppertag beschert neue Mitglieder<\/strong><\/span><\/p>\n<p style=\"text-align: justify;\"><span style=\"color: #000000;\">Die Gasserassler wachsen stetig weiter. Nach dem ersten Schnuppertag im Jahre 2008 wurde im Jahre 2009 ein weiterer Schnuppertag veranstaltet. Diesmal in dem neuen Proberaum. Viele Interessierte waren der Einladung gefolgt. Es konnten auch wieder einige Mitrassler gewonnen werden.<\/span><\/p>\n","protected":false},"excerpt":{"rendered":"<p>Hier auf dieser Seite m\u00f6chten wir berichten, wie es zu den Gasserasslern kam und was seit dem passiert ist. Idee an der Bar und Feinschliff im Trainingslager In der Fasnachtszeit ist schon so manche Schnapsidee entstanden. Was sich aber die Mitglieder der Waldseer Tanzgruppe \u201cMixed Pickles\u201d in ihrer Abschiedskampagne vor fast zwei Jahren ausdachten, darf [&hellip;]<\/p>\n","protected":false},"author":1,"featured_media":0,"parent":0,"menu_order":0,"comment_status":"closed","ping_status":"open","template":"","meta":{"ngg_post_thumbnail":0,"footnotes":""},"categories":[],"tags":[],"class_list":["post-462","page","type-page","status-publish","hentry"],"_links":{"self":[{"href":"https:\/\/www.waldsemer-gasserassler.com\/index.php?rest_route=\/wp\/v2\/pages\/462","targetHints":{"allow":["GET"]}}],"collection":[{"href":"https:\/\/www.waldsemer-gasserassler.com\/index.php?rest_route=\/wp\/v2\/pages"}],"about":[{"href":"https:\/\/www.waldsemer-gasserassler.com\/index.php?rest_route=\/wp\/v2\/types\/page"}],"author":[{"embeddable":true,"href":"https:\/\/www.waldsemer-gasserassler.com\/index.php?rest_route=\/wp\/v2\/users\/1"}],"replies":[{"embeddable":true,"href":"https:\/\/www.waldsemer-gasserassler.com\/index.php?rest_route=%2Fwp%2Fv2%2Fcomments&post=462"}],"version-history":[{"count":6,"href":"https:\/\/www.waldsemer-gasserassler.com\/index.php?rest_route=\/wp\/v2\/pages\/462\/revisions"}],"predecessor-version":[{"id":1701,"href":"https:\/\/www.waldsemer-gasserassler.com\/index.php?rest_route=\/wp\/v2\/pages\/462\/revisions\/1701"}],"wp:attachment":[{"href":"https:\/\/www.waldsemer-gasserassler.com\/index.php?rest_route=%2Fwp%2Fv2%2Fmedia&parent=462"}],"wp:term":[{"taxonomy":"category","embeddable":true,"href":"https:\/\/www.waldsemer-gasserassler.com\/index.php?rest_route=%2Fwp%2Fv2%2Fcategories&post=462"},{"taxonomy":"post_tag","embeddable":true,"href":"https:\/\/www.waldsemer-gasserassler.com\/index.php?rest_route=%2Fwp%2Fv2%2Ftags&post=462"}],"curies":[{"name":"wp","href":"https:\/\/api.w.org\/{rel}","templated":true}]}}