{"id":481,"date":"2013-07-16T08:43:56","date_gmt":"2013-07-16T06:43:56","guid":{"rendered":"http:\/\/neu.waldsemer-gasserassler.com\/?page_id=481"},"modified":"2015-02-26T11:30:39","modified_gmt":"2015-02-26T10:30:39","slug":"probenraum","status":"publish","type":"page","link":"https:\/\/www.waldsemer-gasserassler.com\/?page_id=481","title":{"rendered":"Probenraum"},"content":{"rendered":"<p style=\"text-align: justify;\"><span style=\"color: #000000;\"><strong>Hier auf dieser Seite m\u00f6chten wir unseren Proberaum vorstellen<\/strong><\/span><\/p>\n<p style=\"text-align: justify;\"><span style=\"color: #000000;\">Nach den ersten \u00f6ffentlichen Auftritten haben sich viele neue Musiker gefunden, die bei uns mitmachen wollen. Wir waren nun gezwungen, einen geeigneten Proberaum zu finden. Man stelle sich vor &#8211; selbst der gro\u00dfe Raum der Narrhalla (Vereinsheim der UNO) wurde nun langsam zu klein. Allerdings ben\u00f6tigten wir auch eine R\u00e4umlichkeit, um die Vielzahl von Instrumenten ordentlich zu lagern. Nach langer Suche wurden unsere Abteilungsleiter f\u00fcndig. Durch den Umstand, dass die Hermann-Gmeiner-Schule den Hauptschulteil schlie\u00dfen musste, waren nun ehemalige Schulr\u00e4ume leerstehend. Nach einigen Gespr\u00e4chen mit der Gemeinde und der Schulleitung wurde f\u00fcr uns ein Raum ausfindig gemacht.<\/span><\/p>\n<p style=\"text-align: center;\"><span style=\"color: #000000;\">ngg_shortcode_0_placeholder<\/span><\/p>\n<p style=\"text-align: center;\"><span style=\"color: #000000;\"><strong>Die Hermann-Gmeiner-Schule<\/strong><\/span><\/p>\n<p style=\"text-align: justify;\"><span style=\"color: #000000;\">Unser Dank gilt hier der Schulleitung und der Gemeinde!<\/span><\/p>\n<p style=\"text-align: justify;\"><span style=\"color: #000000;\">Bevor wir allerdings den Proberaum f\u00fcr unsere Zwecke nutzen konnten, waren noch einige Arbeiten zu erledigen. An erster Stelle stand hierbei die Schalld\u00e4mmung, die eine Musikprobe erst dann erm\u00f6glichte. Danke an alle Helferinnen und Helfer.<\/span><\/p>\n<p style=\"text-align: center;\"><span style=\"color: #ff0000;\"><strong>\u00a0Einblicke in den Probenraum<\/strong><\/span><\/p>\n<p style=\"text-align: center;\">ngg_shortcode_1_placeholder<\/p>\n<table border=\"0\">\n<tbody>\n<tr>\n<td>ngg_shortcode_2_placeholder<\/td>\n<td>ngg_shortcode_3_placeholder<\/td>\n<\/tr>\n<\/tbody>\n<\/table>\n<p style=\"text-align: center;\">ngg_shortcode_4_placeholder<\/p>\n","protected":false},"excerpt":{"rendered":"<p>Hier auf dieser Seite m\u00f6chten wir unseren Proberaum vorstellen Nach den ersten \u00f6ffentlichen Auftritten haben sich viele neue Musiker gefunden, die bei uns mitmachen wollen. Wir waren nun gezwungen, einen geeigneten Proberaum zu finden. Man stelle sich vor &#8211; selbst der gro\u00dfe Raum der Narrhalla (Vereinsheim der UNO) wurde nun langsam zu klein. Allerdings ben\u00f6tigten [&hellip;]<\/p>\n","protected":false},"author":1,"featured_media":0,"parent":462,"menu_order":0,"comment_status":"closed","ping_status":"open","template":"","meta":{"ngg_post_thumbnail":0,"footnotes":""},"categories":[],"tags":[],"class_list":["post-481","page","type-page","status-publish","hentry"],"_links":{"self":[{"href":"https:\/\/www.waldsemer-gasserassler.com\/index.php?rest_route=\/wp\/v2\/pages\/481","targetHints":{"allow":["GET"]}}],"collection":[{"href":"https:\/\/www.waldsemer-gasserassler.com\/index.php?rest_route=\/wp\/v2\/pages"}],"about":[{"href":"https:\/\/www.waldsemer-gasserassler.com\/index.php?rest_route=\/wp\/v2\/types\/page"}],"author":[{"embeddable":true,"href":"https:\/\/www.waldsemer-gasserassler.com\/index.php?rest_route=\/wp\/v2\/users\/1"}],"replies":[{"embeddable":true,"href":"https:\/\/www.waldsemer-gasserassler.com\/index.php?rest_route=%2Fwp%2Fv2%2Fcomments&post=481"}],"version-history":[{"count":18,"href":"https:\/\/www.waldsemer-gasserassler.com\/index.php?rest_route=\/wp\/v2\/pages\/481\/revisions"}],"predecessor-version":[{"id":1702,"href":"https:\/\/www.waldsemer-gasserassler.com\/index.php?rest_route=\/wp\/v2\/pages\/481\/revisions\/1702"}],"up":[{"embeddable":true,"href":"https:\/\/www.waldsemer-gasserassler.com\/index.php?rest_route=\/wp\/v2\/pages\/462"}],"wp:attachment":[{"href":"https:\/\/www.waldsemer-gasserassler.com\/index.php?rest_route=%2Fwp%2Fv2%2Fmedia&parent=481"}],"wp:term":[{"taxonomy":"category","embeddable":true,"href":"https:\/\/www.waldsemer-gasserassler.com\/index.php?rest_route=%2Fwp%2Fv2%2Fcategories&post=481"},{"taxonomy":"post_tag","embeddable":true,"href":"https:\/\/www.waldsemer-gasserassler.com\/index.php?rest_route=%2Fwp%2Fv2%2Ftags&post=481"}],"curies":[{"name":"wp","href":"https:\/\/api.w.org\/{rel}","templated":true}]}}