{"id":54,"date":"2013-07-04T09:00:50","date_gmt":"2013-07-04T07:00:50","guid":{"rendered":"http:\/\/neu.waldsemer-gasserassler.com\/?page_id=54"},"modified":"2026-02-13T07:05:52","modified_gmt":"2026-02-13T06:05:52","slug":"start-2","status":"publish","type":"page","link":"https:\/\/www.waldsemer-gasserassler.com\/","title":{"rendered":""},"content":{"rendered":"<p style=\"text-align: center;\"><a href=\"https:\/\/www.waldsemer-gasserassler.com\/wp-content\/uploads\/2013\/07\/GR-Schriftzug.jpg\"><img loading=\"lazy\" decoding=\"async\" class=\"wp-image-964 aligncenter\" style=\"border: 0px;\" src=\"https:\/\/www.waldsemer-gasserassler.com\/wp-content\/uploads\/2013\/07\/GR-Schriftzug.jpg\" alt=\"GR Schriftzug\" width=\"750\" height=\"188\" srcset=\"https:\/\/www.waldsemer-gasserassler.com\/wp-content\/uploads\/2013\/07\/GR-Schriftzug.jpg 750w, https:\/\/www.waldsemer-gasserassler.com\/wp-content\/uploads\/2013\/07\/GR-Schriftzug-300x75.jpg 300w, https:\/\/www.waldsemer-gasserassler.com\/wp-content\/uploads\/2013\/07\/GR-Schriftzug-500x125.jpg 500w\" sizes=\"auto, (max-width: 750px) 100vw, 750px\" \/><\/a><\/p>\n<p><a href=\"https:\/\/www.waldsemer-gasserassler.com\/wp-content\/uploads\/2023\/04\/Gasserassler_Gruppenbild.jpg\"><img loading=\"lazy\" decoding=\"async\" class=\"aligncenter size-large wp-image-4075\" src=\"https:\/\/www.waldsemer-gasserassler.com\/wp-content\/uploads\/2023\/04\/Gasserassler_Gruppenbild-1024x646.jpg\" alt=\"\" width=\"620\" height=\"391\" srcset=\"https:\/\/www.waldsemer-gasserassler.com\/wp-content\/uploads\/2023\/04\/Gasserassler_Gruppenbild-1024x646.jpg 1024w, https:\/\/www.waldsemer-gasserassler.com\/wp-content\/uploads\/2023\/04\/Gasserassler_Gruppenbild-300x189.jpg 300w, https:\/\/www.waldsemer-gasserassler.com\/wp-content\/uploads\/2023\/04\/Gasserassler_Gruppenbild-768x485.jpg 768w, https:\/\/www.waldsemer-gasserassler.com\/wp-content\/uploads\/2023\/04\/Gasserassler_Gruppenbild-1536x970.jpg 1536w, https:\/\/www.waldsemer-gasserassler.com\/wp-content\/uploads\/2023\/04\/Gasserassler_Gruppenbild-660x417.jpg 660w, https:\/\/www.waldsemer-gasserassler.com\/wp-content\/uploads\/2023\/04\/Gasserassler_Gruppenbild-240x152.jpg 240w, https:\/\/www.waldsemer-gasserassler.com\/wp-content\/uploads\/2023\/04\/Gasserassler_Gruppenbild.jpg 1866w\" sizes=\"auto, (max-width: 620px) 100vw, 620px\" \/><\/a><\/p>\n<p style=\"text-align: left;\">A<span style=\"color: #000000;\">uf dieser und den weiteren Seiten finden sie allerhand Informationen \u00fcber unsere Gruppe.<\/span><\/p>\n<p style=\"text-align: left;\"><span style=\"color: #000000;\">Gegr\u00fcndet wurden die Gasserassler im Jahre 2006 als Guggemusikgruppe des<\/span><\/p>\n<p style=\"text-align: center;\"><span style=\"color: #0000ff; font-size: large;\"><strong><a title=\"Zur UNO Internetseite\" href=\"http:\/\/www.kv-uno-waldsee.de\" target=\"_blank\" rel=\"noopener noreferrer\"><span style=\"color: #0000ff;\">Karnevalverein UNO 1949 Waldsee e.V.<\/span><\/a><\/strong><\/span><\/p>\n<p><span style=\"color: #000000;\">ngg_shortcode_0_placeholder<\/span><\/p>\n<hr>\n<p style=\"text-align: center;\"><span style=\"color: #ff0000;\"><strong>Bis zur 1. Prunksitzung am 15.01.2027<\/strong><\/span><\/p>\n<p style=\"text-align: center;\"><style type='text\/css'>.wpcdt-timer-3378 .wpcdt-clock{max-width: 750px;}<\/style>\n<div class=\"wpcdt-wrap wpcdt-timer-wrap wpcdt-clearfix  wpcdt-timer-circle wpcdt-timer-3378\" data-conf=\"{&quot;current_date&quot;:&quot;2026-05-06 13:13:28&quot;,&quot;expiry_date&quot;:&quot;2027-01-15 19:33:00&quot;,&quot;timercircle_animation&quot;:&quot;smooth&quot;,&quot;timercircle_width&quot;:0.1,&quot;timer_bg_width&quot;:1.2,&quot;timer_bgclr&quot;:&quot;#313332&quot;,&quot;timer_day_bgclr&quot;:&quot;#e3be32&quot;,&quot;timer_hour_bgclr&quot;:&quot;#36b0e3&quot;,&quot;timer_minute_bgclr&quot;:&quot;#75bf44&quot;,&quot;timer_second_bgclr&quot;:&quot;#66c5af&quot;,&quot;day_text&quot;:&quot;Tage&quot;,&quot;hour_text&quot;:&quot;Stunden&quot;,&quot;minute_text&quot;:&quot;Minuten&quot;,&quot;second_text&quot;:&quot;Sekunden&quot;,&quot;is_days&quot;:1,&quot;is_hours&quot;:1,&quot;is_minutes&quot;:1,&quot;is_seconds&quot;:1}\">\n\t<div class=\"wpcdt-timer-inr wpcdt-timer wpcdt-timer-js\" id=\"wpcdt-timer-1\" data-id=\"3378\">\n\t\t<div class=\"wpcdt-clock wpcdt-clock-circle\" data-timer=\"21968372\"><\/div>\n\t<\/div>\n<\/div><\/p>\n<hr>\n<p><span style=\"color: #000000;\"><strong>Zu unserem Gruppen Namen<\/strong><\/span><\/p>\n<p><span style=\"color: #000000;\"><span style=\"color: #ff0000;\">&#8222;Waldsee&#8220;<\/span> = Heimatort &nbsp;<a style=\"color: #000000;\" title=\"Unser Waldsee\" href=\"http:\/\/www.waldsee.de\" target=\"_blank\" rel=\"noopener noreferrer\">(Internetseite von Waldsee)<\/a><\/span><\/p>\n<p><span style=\"color: #000000;\"><span style=\"color: #ff0000;\">&#8222;Waldse&#8220;<\/span> = (mit kurz gesprochenem e) lokale Sprechweise des Ortsnamens<\/span><\/p>\n<p><span style=\"color: #ff0000;\">&#8222;Waldsemer&#8220;<\/span> <span style=\"color: #000000;\">= Die dem Orte angeh\u00f6renden<\/span><\/p>\n<p><span style=\"color: #ff0000;\">&#8222;Gasse&#8220;<\/span> <span style=\"color: #000000;\">= Kleine Ortsstra\u00dfe<\/span><\/p>\n<p style=\"text-align: justify;\"><span style=\"color: #ff0000;\">&#8222;Rassler&#8220;<\/span> <span style=\"color: #000000;\">=&nbsp;Die Rassler waren die t\u00e4glich in die Stadt Pforzheim pendelnden Goldschmiede. Ihre mit Eisenn\u00e4geln beschlagenen Sohlen verursachten L\u00e4rm auf dem Kopfsteinpflaster und trugen ihnen den Name Rassler ein. Bei uns werden diese Ger\u00e4usche durch eine Unmenge an Schellen am Kost\u00fcm verursacht.<\/span><\/p>\n<p><span style=\"color: #ff0000;\">Deshalb<\/span>: <span style=\"color: #339966;\"><strong><em>Waldsemer Gasserassler<\/em><\/strong><\/span><\/p>\n<hr>\n<p>&nbsp;<\/p>\n<table>\n<tbody>\n<tr>\n<td style=\"text-align: center;\"><span style=\"font-size: 14pt; color: #ff0000;\"><strong>Unsere Webseite &#8222;to go&#8220; als QR-Code<\/strong><\/span><\/td>\n<\/tr>\n<tr>\n<td style=\"text-align: center;\"><span style=\"font-size: 14pt;\">ngg_shortcode_1_placeholder<\/span><\/td>\n<\/tr>\n<tr>\n<td style=\"text-align: center;\"><span style=\"font-size: 14pt; color: #ff0000;\"><strong>Die Gasserassler App als QR-Code<\/strong><\/span><\/td>\n<\/tr>\n<tr>\n<td style=\"text-align: center;\"><span style=\"font-size: 12pt;\">ngg_shortcode_2_placeholder<\/span><\/td>\n<\/tr>\n<tr>\n<td style=\"text-align: center;\"><span style=\"font-size: 14pt; color: #ff0000;\"><strong>Unsere Mailadresse als QR-Code<\/strong><\/span><\/td>\n<\/tr>\n<tr>\n<td style=\"text-align: center;\"><span style=\"font-size: 14pt;\">&nbsp;ngg_shortcode_3_placeholder<\/span><\/td>\n<\/tr>\n<tr>\n<td style=\"text-align: center;\"><span style=\"font-size: 14pt; color: #ff0000;\"><strong>Unsere Facebookseite als QR-Code<\/strong><\/span><\/td>\n<\/tr>\n<tr>\n<td style=\"text-align: center;\"><span style=\"font-size: 14pt;\">&nbsp;ngg_shortcode_4_placeholder<\/span><\/td>\n<\/tr>\n<\/tbody>\n<\/table>\n","protected":false},"excerpt":{"rendered":"<p>Auf dieser und den weiteren Seiten finden sie allerhand Informationen \u00fcber unsere Gruppe. Gegr\u00fcndet wurden die Gasserassler im Jahre 2006 als Guggemusikgruppe des Karnevalverein UNO 1949 Waldsee e.V. Bis zur 1. Prunksitzung am 15.01.2027 Zu unserem Gruppen Namen &#8222;Waldsee&#8220; = Heimatort &nbsp;(Internetseite von Waldsee) &#8222;Waldse&#8220; = (mit kurz gesprochenem e) lokale Sprechweise des Ortsnamens &#8222;Waldsemer&#8220; [&hellip;]<\/p>\n","protected":false},"author":1,"featured_media":0,"parent":0,"menu_order":0,"comment_status":"closed","ping_status":"closed","template":"","meta":{"ngg_post_thumbnail":0,"footnotes":""},"categories":[],"tags":[27],"class_list":["post-54","page","type-page","status-publish","hentry","tag-startseite-sommer"],"_links":{"self":[{"href":"https:\/\/www.waldsemer-gasserassler.com\/index.php?rest_route=\/wp\/v2\/pages\/54","targetHints":{"allow":["GET"]}}],"collection":[{"href":"https:\/\/www.waldsemer-gasserassler.com\/index.php?rest_route=\/wp\/v2\/pages"}],"about":[{"href":"https:\/\/www.waldsemer-gasserassler.com\/index.php?rest_route=\/wp\/v2\/types\/page"}],"author":[{"embeddable":true,"href":"https:\/\/www.waldsemer-gasserassler.com\/index.php?rest_route=\/wp\/v2\/users\/1"}],"replies":[{"embeddable":true,"href":"https:\/\/www.waldsemer-gasserassler.com\/index.php?rest_route=%2Fwp%2Fv2%2Fcomments&post=54"}],"version-history":[{"count":112,"href":"https:\/\/www.waldsemer-gasserassler.com\/index.php?rest_route=\/wp\/v2\/pages\/54\/revisions"}],"predecessor-version":[{"id":4214,"href":"https:\/\/www.waldsemer-gasserassler.com\/index.php?rest_route=\/wp\/v2\/pages\/54\/revisions\/4214"}],"wp:attachment":[{"href":"https:\/\/www.waldsemer-gasserassler.com\/index.php?rest_route=%2Fwp%2Fv2%2Fmedia&parent=54"}],"wp:term":[{"taxonomy":"category","embeddable":true,"href":"https:\/\/www.waldsemer-gasserassler.com\/index.php?rest_route=%2Fwp%2Fv2%2Fcategories&post=54"},{"taxonomy":"post_tag","embeddable":true,"href":"https:\/\/www.waldsemer-gasserassler.com\/index.php?rest_route=%2Fwp%2Fv2%2Ftags&post=54"}],"curies":[{"name":"wp","href":"https:\/\/api.w.org\/{rel}","templated":true}]}}